{"id":298,"date":"2020-08-24T01:21:27","date_gmt":"2020-08-24T01:21:27","guid":{"rendered":"http:\/\/restaurantazafran.com\/?page_id=298"},"modified":"2020-10-27T11:34:18","modified_gmt":"2020-10-27T11:34:18","slug":"collectivites-et-food-service","status":"publish","type":"page","link":"https:\/\/www.restaurantazafran.com\/es\/collectivites-et-food-service\/","title":{"rendered":"Colectividades y \u00abFood Service\u00bb"},"content":{"rendered":"\t\t<div data-elementor-type=\"wp-page\" data-elementor-id=\"298\" class=\"elementor elementor-298\" data-elementor-settings=\"[]\">\n\t\t\t\t\t\t<div class=\"elementor-inner\">\n\t\t\t\t\t\t\t<div class=\"elementor-section-wrap\">\n\t\t\t\t\t\t\t<section class=\"elementor-section elementor-top-section elementor-element elementor-element-505044c elementor-section-boxed elementor-section-height-default elementor-section-height-default\" data-id=\"505044c\" data-element_type=\"section\">\n\t\t\t\t\t\t<div class=\"elementor-container elementor-column-gap-default\">\n\t\t\t\t\t\t\t<div class=\"elementor-row\">\n\t\t\t\t\t<div class=\"elementor-column elementor-col-100 elementor-top-column elementor-element elementor-element-965d7b4\" data-id=\"965d7b4\" data-element_type=\"column\">\n\t\t\t<div class=\"elementor-column-wrap elementor-element-populated\">\n\t\t\t\t\t\t\t<div class=\"elementor-widget-wrap\">\n\t\t\t\t\t\t<div class=\"elementor-element elementor-element-6f3429c elementor-widget elementor-widget-spacer\" data-id=\"6f3429c\" data-element_type=\"widget\" data-widget_type=\"spacer.default\">\n\t\t\t\t<div class=\"elementor-widget-container\">\n\t\t\t\t\t<div class=\"elementor-spacer\">\n\t\t\t<div class=\"elementor-spacer-inner\"><\/div>\n\t\t<\/div>\n\t\t\t\t<\/div>\n\t\t\t\t<\/div>\n\t\t\t\t<div class=\"elementor-element elementor-element-48098ac elementor-widget elementor-widget-heading\" data-id=\"48098ac\" data-element_type=\"widget\" data-widget_type=\"heading.default\">\n\t\t\t\t<div class=\"elementor-widget-container\">\n\t\t\t<h2 class=\"elementor-heading-title elementor-size-default\">Collectivit\u00e9s et \"Food Service\"<\/h2>\t\t<\/div>\n\t\t\t\t<\/div>\n\t\t\t\t\t\t<\/div>\n\t\t\t\t\t<\/div>\n\t\t<\/div>\n\t\t\t\t\t\t\t\t<\/div>\n\t\t\t\t\t<\/div>\n\t\t<\/section>\n\t\t\t\t<section class=\"elementor-section elementor-top-section elementor-element elementor-element-039f359 elementor-section-boxed elementor-section-height-default elementor-section-height-default\" data-id=\"039f359\" data-element_type=\"section\">\n\t\t\t\t\t\t<div class=\"elementor-container elementor-column-gap-default\">\n\t\t\t\t\t\t\t<div class=\"elementor-row\">\n\t\t\t\t\t<div class=\"elementor-column elementor-col-50 elementor-top-column elementor-element elementor-element-b8fffbf\" data-id=\"b8fffbf\" data-element_type=\"column\">\n\t\t\t<div class=\"elementor-column-wrap elementor-element-populated\">\n\t\t\t\t\t\t\t<div class=\"elementor-widget-wrap\">\n\t\t\t\t\t\t<div class=\"elementor-element elementor-element-1a3d7a5 elementor-widget elementor-widget-spacer\" data-id=\"1a3d7a5\" data-element_type=\"widget\" data-widget_type=\"spacer.default\">\n\t\t\t\t<div class=\"elementor-widget-container\">\n\t\t\t\t\t<div class=\"elementor-spacer\">\n\t\t\t<div class=\"elementor-spacer-inner\"><\/div>\n\t\t<\/div>\n\t\t\t\t<\/div>\n\t\t\t\t<\/div>\n\t\t\t\t<div class=\"elementor-element elementor-element-33004fe elementor-widget elementor-widget-text-editor\" data-id=\"33004fe\" data-element_type=\"widget\" data-widget_type=\"text-editor.default\">\n\t\t\t\t<div class=\"elementor-widget-container\">\n\t\t\t\t\t<div class=\"elementor-text-editor elementor-clearfix\"><p>Parce que \u00e0 Azafr\u00e1n nous savons \u00e0 quel point il est important de bien manger, et nous pensons que vous n&rsquo;avez pas \u00e0 attendre une occasion sp\u00e9ciale pour le faire, nous proposons \u00e9galement notre menu du jour pour les communaut\u00e9s et les particuliers, afin que vous puissiez jouir d&rsquo;une alimentation saine tous les jours, \u00e0 la maison ou dans votre lieu de travail.<\/p><p>Chez Azafr\u00e1n, nous voulons prendre soin de vous avec une alimentation compl\u00e8te et saine, adapt\u00e9e \u00e0 tous les besoins, intol\u00e9rances ou \u00e9tapes de la vie. Tant pour les personnes \u00e2g\u00e9es qui ne peuvent pas cuisiner tous les jours, que pour les familles dont la routine ne leur permet pas de pr\u00e9parer tout ce qu&rsquo;elles d\u00e9sirent, ou pour les entreprises qui veulent garantir un menu de qualit\u00e9 \u00e0 leurs employ\u00e9s, chez Azafr\u00e1n nous avons une recommandation adapt\u00e9 \u00e0 vos besoins.<\/p><p>\u00a0<\/p><\/div>\n\t\t\t\t<\/div>\n\t\t\t\t<\/div>\n\t\t\t\t\t\t<\/div>\n\t\t\t\t\t<\/div>\n\t\t<\/div>\n\t\t\t\t<div class=\"elementor-column elementor-col-50 elementor-top-column elementor-element elementor-element-64ba6e0\" data-id=\"64ba6e0\" data-element_type=\"column\">\n\t\t\t<div class=\"elementor-column-wrap elementor-element-populated\">\n\t\t\t\t\t\t\t<div class=\"elementor-widget-wrap\">\n\t\t\t\t\t\t<div class=\"elementor-element elementor-element-dbc8cf8 elementor-widget elementor-widget-spacer\" data-id=\"dbc8cf8\" data-element_type=\"widget\" data-widget_type=\"spacer.default\">\n\t\t\t\t<div class=\"elementor-widget-container\">\n\t\t\t\t\t<div class=\"elementor-spacer\">\n\t\t\t<div class=\"elementor-spacer-inner\"><\/div>\n\t\t<\/div>\n\t\t\t\t<\/div>\n\t\t\t\t<\/div>\n\t\t\t\t<div class=\"elementor-element elementor-element-9f0aab5 elementor-widget elementor-widget-image\" data-id=\"9f0aab5\" data-element_type=\"widget\" data-widget_type=\"image.default\">\n\t\t\t\t<div class=\"elementor-widget-container\">\n\t\t\t\t\t<div class=\"elementor-image\">\n\t\t\t\t\t\t\t\t\t\t<img loading=\"lazy\" decoding=\"async\" width=\"800\" height=\"450\" src=\"https:\/\/www.restaurantazafran.com\/wp-content\/uploads\/2020\/08\/20160517_122220-1024x576.jpg\" class=\"attachment-large size-large\" alt=\"\" srcset=\"https:\/\/www.restaurantazafran.com\/wp-content\/uploads\/2020\/08\/20160517_122220-1024x576.jpg 1024w, https:\/\/www.restaurantazafran.com\/wp-content\/uploads\/2020\/08\/20160517_122220-300x169.jpg 300w, https:\/\/www.restaurantazafran.com\/wp-content\/uploads\/2020\/08\/20160517_122220-768x432.jpg 768w, https:\/\/www.restaurantazafran.com\/wp-content\/uploads\/2020\/08\/20160517_122220-1536x864.jpg 1536w, https:\/\/www.restaurantazafran.com\/wp-content\/uploads\/2020\/08\/20160517_122220-2048x1152.jpg 2048w\" sizes=\"auto, (max-width: 800px) 100vw, 800px\" \/>\t\t\t\t\t\t\t\t\t\t\t<\/div>\n\t\t\t\t<\/div>\n\t\t\t\t<\/div>\n\t\t\t\t\t\t<\/div>\n\t\t\t\t\t<\/div>\n\t\t<\/div>\n\t\t\t\t\t\t\t\t<\/div>\n\t\t\t\t\t<\/div>\n\t\t<\/section>\n\t\t\t\t<section class=\"elementor-section elementor-top-section elementor-element elementor-element-a9114ab elementor-section-boxed elementor-section-height-default elementor-section-height-default\" data-id=\"a9114ab\" data-element_type=\"section\">\n\t\t\t\t\t\t<div class=\"elementor-container elementor-column-gap-default\">\n\t\t\t\t\t\t\t<div class=\"elementor-row\">\n\t\t\t\t\t<div class=\"elementor-column elementor-col-100 elementor-top-column elementor-element elementor-element-b478d01\" data-id=\"b478d01\" data-element_type=\"column\">\n\t\t\t<div class=\"elementor-column-wrap elementor-element-populated\">\n\t\t\t\t\t\t\t<div class=\"elementor-widget-wrap\">\n\t\t\t\t\t\t<div class=\"elementor-element elementor-element-686b28c elementor-widget elementor-widget-text-editor\" data-id=\"686b28c\" data-element_type=\"widget\" data-widget_type=\"text-editor.default\">\n\t\t\t\t<div class=\"elementor-widget-container\">\n\t\t\t\t\t<div class=\"elementor-text-editor elementor-clearfix\"><p>Notre service reste disponible m\u00eame en p\u00e9riode de confinement ; il peut donc \u00e9galement \u00eatre une excellente option pour \u00e9viter de sortir faire les achats, ou \u00e9viter de maintenir le personnel de service avec le risque que cela peut entra\u00eener.<\/p><p>Contactez-nous, dites-nous ce dont vous avez besoin et nous nous mettrons d&rsquo;accord sur un menu du jour adapt\u00e9 \u00e0 vous, que vous recevrez chaque jour \u00e0 domicile ou sur votre lieu de travail avec toutes les garanties d&rsquo;hygi\u00e8ne et de s\u00e9curit\u00e9.<\/p><\/div>\n\t\t\t\t<\/div>\n\t\t\t\t<\/div>\n\t\t\t\t\t\t<\/div>\n\t\t\t\t\t<\/div>\n\t\t<\/div>\n\t\t\t\t\t\t\t\t<\/div>\n\t\t\t\t\t<\/div>\n\t\t<\/section>\n\t\t\t\t<section class=\"elementor-section elementor-top-section elementor-element elementor-element-3b59d0d elementor-section-full_width elementor-section-height-default elementor-section-height-default\" data-id=\"3b59d0d\" data-element_type=\"section\">\n\t\t\t\t\t\t<div class=\"elementor-container elementor-column-gap-default\">\n\t\t\t\t\t\t\t<div class=\"elementor-row\">\n\t\t\t\t\t<div class=\"elementor-column elementor-col-100 elementor-top-column elementor-element elementor-element-ca7f75a\" data-id=\"ca7f75a\" data-element_type=\"column\">\n\t\t\t<div class=\"elementor-column-wrap elementor-element-populated\">\n\t\t\t\t\t\t\t<div class=\"elementor-widget-wrap\">\n\t\t\t\t\t\t<div class=\"elementor-element elementor-element-06137ed elementor-widget elementor-widget-template\" data-id=\"06137ed\" data-element_type=\"widget\" data-widget_type=\"template.default\">\n\t\t\t\t<div class=\"elementor-widget-container\">\n\t\t\t\t\t<div class=\"elementor-template\">\n\t\t\t\t\t<div data-elementor-type=\"page\" data-elementor-id=\"463\" class=\"elementor elementor-463\" data-elementor-settings=\"[]\">\n\t\t\t\t\t\t<div class=\"elementor-inner\">\n\t\t\t\t\t\t\t<div class=\"elementor-section-wrap\">\n\t\t\t\t\t\t\t<section class=\"elementor-section elementor-top-section elementor-element elementor-element-39aefe27 elementor-section-full_width elementor-section-height-default elementor-section-height-default\" data-id=\"39aefe27\" data-element_type=\"section\">\n\t\t\t\t\t\t<div class=\"elementor-container elementor-column-gap-no\">\n\t\t\t\t\t\t\t<div class=\"elementor-row\">\n\t\t\t\t\t<div class=\"elementor-column elementor-col-100 elementor-top-column elementor-element elementor-element-7a3a4b09\" data-id=\"7a3a4b09\" data-element_type=\"column\">\n\t\t\t<div class=\"elementor-column-wrap elementor-element-populated\">\n\t\t\t\t\t\t\t<div class=\"elementor-widget-wrap\">\n\t\t\t\t\t\t<div class=\"elementor-element elementor-element-26fda8e9 elementor-cta--skin-cover elementor-animated-content elementor-bg-transform elementor-bg-transform-zoom-in elementor-widget elementor-widget-call-to-action\" data-id=\"26fda8e9\" data-element_type=\"widget\" id=\"#call\" data-widget_type=\"call-to-action.default\">\n\t\t\t\t<div class=\"elementor-widget-container\">\n\t\t\t\t\t<div  class=\"elementor-cta\">\n\t\t\t\t\t<div class=\"elementor-cta__bg-wrapper\">\n\t\t\t\t<div class=\"elementor-cta__bg elementor-bg\" style=\"background-image: url(https:\/\/www.restaurantazafran.com\/wp-content\/uploads\/2020\/08\/call21-1024x683.png);\"><\/div>\n\t\t\t\t<div class=\"elementor-cta__bg-overlay\"><\/div>\n\t\t\t<\/div>\n\t\t\t\t\t\t\t<div class=\"elementor-cta__content\">\n\t\t\t\t\n\t\t\t\t\t\t\t\t\t<h2 class=\"elementor-cta__title elementor-cta__content-item elementor-content-item elementor-animated-item--grow\">\n\t\t\t\t\t\tJe veux demander un menu pour chaque jour!\t\t\t\t\t<\/h2>\n\t\t\t\t\n\t\t\t\t\n\t\t\t\t\t\t\t\t\t<div class=\"elementor-cta__button-wrapper elementor-cta__content-item elementor-content-item elementor-animated-item--grow\">\n\t\t\t\t\t<a class=\"elementor-cta__button elementor-button elementor-size-sm\" href=\"tel:212-663-656-056\">\n\t\t\t\t\t\tAppelez-nous\t\t\t\t\t<\/a>\n\t\t\t\t\t<\/div>\n\t\t\t\t\t\t\t<\/div>\n\t\t\t\t\t\t<\/div>\n\t\t\t\t<\/div>\n\t\t\t\t<\/div>\n\t\t\t\t\t\t<\/div>\n\t\t\t\t\t<\/div>\n\t\t<\/div>\n\t\t\t\t\t\t\t\t<\/div>\n\t\t\t\t\t<\/div>\n\t\t<\/section>\n\t\t\t\t<section class=\"elementor-section elementor-top-section elementor-element elementor-element-437623e3 elementor-section-boxed elementor-section-height-default elementor-section-height-default\" data-id=\"437623e3\" data-element_type=\"section\">\n\t\t\t\t\t\t\t<div class=\"elementor-background-overlay\"><\/div>\n\t\t\t\t\t\t\t<div class=\"elementor-container elementor-column-gap-default\">\n\t\t\t\t\t\t\t<div class=\"elementor-row\">\n\t\t\t\t\t<div class=\"elementor-column elementor-col-50 elementor-top-column elementor-element elementor-element-6681c6d3\" data-id=\"6681c6d3\" data-element_type=\"column\">\n\t\t\t<div class=\"elementor-column-wrap elementor-element-populated\">\n\t\t\t\t\t\t\t<div class=\"elementor-widget-wrap\">\n\t\t\t\t\t\t<div class=\"elementor-element elementor-element-1467fd53 elementor-widget elementor-widget-text-editor\" data-id=\"1467fd53\" data-element_type=\"widget\" data-widget_type=\"text-editor.default\">\n\t\t\t\t<div class=\"elementor-widget-container\">\n\t\t\t\t\t<div class=\"elementor-text-editor elementor-clearfix\"><p class=\"cta\">Ou laissez-nous votre t\u00e9l\u00e9phone pour que nous puissions vous appeler<\/p><\/div>\n\t\t\t\t<\/div>\n\t\t\t\t<\/div>\n\t\t\t\t\t\t<\/div>\n\t\t\t\t\t<\/div>\n\t\t<\/div>\n\t\t\t\t<div class=\"elementor-column elementor-col-50 elementor-top-column elementor-element elementor-element-4f74c86e\" data-id=\"4f74c86e\" data-element_type=\"column\">\n\t\t\t<div class=\"elementor-column-wrap elementor-element-populated\">\n\t\t\t\t\t\t\t<div class=\"elementor-widget-wrap\">\n\t\t\t\t\t\t<div class=\"elementor-element elementor-element-c565c0d elementor-button-align-stretch elementor-widget elementor-widget-form\" data-id=\"c565c0d\" data-element_type=\"widget\" data-settings=\"{&quot;step_next_label&quot;:&quot;Next&quot;,&quot;step_previous_label&quot;:&quot;Previous&quot;,&quot;button_width&quot;:&quot;100&quot;,&quot;step_type&quot;:&quot;number_text&quot;,&quot;step_icon_shape&quot;:&quot;circle&quot;}\" data-widget_type=\"form.default\">\n\t\t\t\t<div class=\"elementor-widget-container\">\n\t\t\t\t\t<form class=\"elementor-form\" method=\"post\" name=\"Telefono\">\n\t\t\t<input type=\"hidden\" name=\"post_id\" value=\"463\"\/>\n\t\t\t<input type=\"hidden\" name=\"form_id\" value=\"c565c0d\"\/>\n\n\t\t\t\n\t\t\t<div class=\"elementor-form-fields-wrapper elementor-labels-\">\n\t\t\t\t\t\t\t\t<div class=\"elementor-field-type-tel elementor-field-group elementor-column elementor-field-group-telephone elementor-col-100 elementor-field-required\">\n\t\t\t\t\t<label for=\"form-field-telephone\" class=\"elementor-field-label elementor-screen-only\">T\u00e9l\u00e9phone<\/label><input size=\"1\" type=\"tel\" name=\"form_fields[telephone]\" id=\"form-field-telephone\" class=\"elementor-field elementor-size-md  elementor-field-textual\" placeholder=\"T\u00e9l\u00e9phone\" required=\"required\" aria-required=\"true\" pattern=\"[0-9()#&amp;+*-=.]+\" title=\"Only numbers and phone characters (#, -, *, etc) are accepted.\">\t\t\t\t<\/div>\n\t\t\t\t\t\t\t\t<div class=\"elementor-field-type-text elementor-field-group elementor-column elementor-field-group-nom elementor-col-100 elementor-field-required\">\n\t\t\t\t\t<label for=\"form-field-nom\" class=\"elementor-field-label elementor-screen-only\">Nom<\/label><input size=\"1\" type=\"text\" name=\"form_fields[nom]\" id=\"form-field-nom\" class=\"elementor-field elementor-size-md  elementor-field-textual\" placeholder=\"Nom\" required=\"required\" aria-required=\"true\">\t\t\t\t<\/div>\n\t\t\t\t\t\t\t\t<div class=\"elementor-field-type-acceptance elementor-field-group elementor-column elementor-field-group-mentions elementor-col-100 elementor-field-required\">\n\t\t\t\t\t<div class=\"elementor-field-subgroup\"><span class=\"elementor-field-option\"><input type=\"checkbox\" name=\"form_fields[mentions]\" id=\"form-field-mentions\" class=\"elementor-field elementor-size-md  elementor-acceptance-field\" required=\"required\" aria-required=\"true\"> <label for=\"form-field-mentions\">J'ai lu et j'accepte les <a href=\"http:\/\/restaurantazafran.com\/aviso-legal\/\">mentions l\u00e9gales<\/a>.<\/label><\/span><\/div>\t\t\t\t<\/div>\n\t\t\t\t\t\t\t\t<div class=\"elementor-field-type-recaptcha elementor-field-group elementor-column elementor-field-group-captcha elementor-col-100\">\n\t\t\t\t\t<div class=\"elementor-field\" id=\"form-field-captcha\"><div class=\"elementor-g-recaptcha\" data-sitekey=\"6LewM0AaAAAAAEVDJeYqjeg5OQlON_ZmRRwN3kvt\" data-type=\"v2_checkbox\" data-theme=\"light\" data-size=\"normal\"><\/div><\/div>\t\t\t\t<\/div>\n\t\t\t\t\t\t\t\t<div class=\"elementor-field-group elementor-column elementor-field-type-submit elementor-col-100 e-form__buttons\">\n\t\t\t\t\t<button type=\"submit\" class=\"elementor-button elementor-size-xs\">\n\t\t\t\t\t\t<span >\n\t\t\t\t\t\t\t\t\t\t\t\t\t\t\t<span class=\" elementor-button-icon\">\n\t\t\t\t\t\t\t\t\t\t\t\t\t\t\t\t\t\t\t\t\t\t\t\t\t\t<\/span>\n\t\t\t\t\t\t\t\t\t\t\t\t\t\t\t\t\t\t\t\t\t\t<span class=\"elementor-button-text\">Je demande un appel<\/span>\n\t\t\t\t\t\t\t\t\t\t\t\t\t<\/span>\n\t\t\t\t\t<\/button>\n\t\t\t\t<\/div>\n\t\t\t<\/div>\n\t\t<\/form>\n\t\t\t\t<\/div>\n\t\t\t\t<\/div>\n\t\t\t\t\t\t<\/div>\n\t\t\t\t\t<\/div>\n\t\t<\/div>\n\t\t\t\t\t\t\t\t<\/div>\n\t\t\t\t\t<\/div>\n\t\t<\/section>\n\t\t\t\t\t\t<\/div>\n\t\t\t\t\t\t<\/div>\n\t\t\t\t\t<\/div>\n\t\t\t\t<\/div>\n\t\t\t\t<\/div>\n\t\t\t\t<\/div>\n\t\t\t\t\t\t<\/div>\n\t\t\t\t\t<\/div>\n\t\t<\/div>\n\t\t\t\t\t\t\t\t<\/div>\n\t\t\t\t\t<\/div>\n\t\t<\/section>\n\t\t\t\t\t\t<\/div>\n\t\t\t\t\t\t<\/div>\n\t\t\t\t\t<\/div>\n\t\t","protected":false},"excerpt":{"rendered":"<p>Collectivit\u00e9s et \u00ab\u00a0Food Service\u00a0\u00bb Parce que \u00e0 Azafr\u00e1n nous savons \u00e0 quel point il est important de bien manger, et nous pensons que vous n&rsquo;avez pas \u00e0 attendre une occasion sp\u00e9ciale pour le faire, nous proposons \u00e9galement notre menu du jour pour les communaut\u00e9s et les particuliers, afin que vous puissiez jouir d&rsquo;une alimentation saine [&hellip;]<\/p>\n","protected":false},"author":1,"featured_media":0,"parent":0,"menu_order":0,"comment_status":"closed","ping_status":"closed","template":"","meta":{"footnotes":""},"class_list":["post-298","page","type-page","status-publish","hentry"],"yoast_head":"<!-- This site is optimized with the Yoast SEO plugin v15.2 - https:\/\/yoast.com\/wordpress\/plugins\/seo\/ -->\n<title>Collectivit\u00e9s et &quot;Food Service&quot; - Azafr\u00e1n<\/title>\n<meta name=\"description\" content=\"Azafran vous propose des menus et repas \u00e0 domicile pour collectivit\u00e9s et particuliers \u00e0 Rabat-Sal\u00e9. Menus sains \u00e0 domicile pour entreprise et particuliers.\" \/>\n<meta name=\"robots\" content=\"index, follow, max-snippet:-1, max-image-preview:large, max-video-preview:-1\" \/>\n<link rel=\"canonical\" href=\"https:\/\/www.restaurantazafran.com\/es\/collectivites-et-food-service\/\" \/>\n<meta property=\"og:locale\" content=\"es_ES\" \/>\n<meta property=\"og:type\" content=\"article\" \/>\n<meta property=\"og:title\" content=\"Collectivit\u00e9s et &quot;Food Service&quot; - Azafr\u00e1n\" \/>\n<meta property=\"og:description\" content=\"Azafran vous propose des menus et repas \u00e0 domicile pour collectivit\u00e9s et particuliers \u00e0 Rabat-Sal\u00e9. Menus sains \u00e0 domicile pour entreprise et particuliers.\" \/>\n<meta property=\"og:url\" content=\"https:\/\/www.restaurantazafran.com\/es\/collectivites-et-food-service\/\" \/>\n<meta property=\"og:site_name\" content=\"Azafr\u00e1n\" \/>\n<meta property=\"article:modified_time\" content=\"2020-10-27T11:34:18+00:00\" \/>\n<meta property=\"og:image\" content=\"http:\/\/restaurantazafran.com\/wp-content\/uploads\/2020\/08\/20160517_122220-1024x576.jpg\" \/>\n<meta name=\"twitter:card\" content=\"summary_large_image\" \/>\n<meta name=\"twitter:label1\" value=\"Escrito por\">\n\t<meta name=\"twitter:data1\" value=\"Sankara\">\n\t<meta name=\"twitter:label2\" value=\"Tiempo de lectura\">\n\t<meta name=\"twitter:data2\" value=\"1 minuto\">\n<script type=\"application\/ld+json\" class=\"yoast-schema-graph\">{\"@context\":\"https:\/\/schema.org\",\"@graph\":[{\"@type\":\"WebSite\",\"@id\":\"https:\/\/www.restaurantazafran.com\/#website\",\"url\":\"https:\/\/www.restaurantazafran.com\/\",\"name\":\"Azafr\\u00e1n\",\"description\":\"Restaurant et cuisine \\u00e0 domicile \\u00e0 Sal\\u00e9 \/ Rabat\",\"potentialAction\":[{\"@type\":\"SearchAction\",\"target\":\"https:\/\/www.restaurantazafran.com\/?s={search_term_string}\",\"query-input\":\"required name=search_term_string\"}],\"inLanguage\":\"es\"},{\"@type\":\"ImageObject\",\"@id\":\"https:\/\/www.restaurantazafran.com\/es\/collectivites-et-food-service\/#primaryimage\",\"inLanguage\":\"es\",\"url\":\"http:\/\/restaurantazafran.com\/wp-content\/uploads\/2020\/08\/20160517_122220-1024x576.jpg\"},{\"@type\":\"WebPage\",\"@id\":\"https:\/\/www.restaurantazafran.com\/es\/collectivites-et-food-service\/#webpage\",\"url\":\"https:\/\/www.restaurantazafran.com\/es\/collectivites-et-food-service\/\",\"name\":\"Collectivit\\u00e9s et \\\"Food Service\\\" - Azafr\\u00e1n\",\"isPartOf\":{\"@id\":\"https:\/\/www.restaurantazafran.com\/#website\"},\"primaryImageOfPage\":{\"@id\":\"https:\/\/www.restaurantazafran.com\/es\/collectivites-et-food-service\/#primaryimage\"},\"datePublished\":\"2020-08-24T01:21:27+00:00\",\"dateModified\":\"2020-10-27T11:34:18+00:00\",\"description\":\"Azafran vous propose des menus et repas \\u00e0 domicile pour collectivit\\u00e9s et particuliers \\u00e0 Rabat-Sal\\u00e9. Menus sains \\u00e0 domicile pour entreprise et particuliers.\",\"inLanguage\":\"es\",\"potentialAction\":[{\"@type\":\"ReadAction\",\"target\":[\"https:\/\/www.restaurantazafran.com\/es\/collectivites-et-food-service\/\"]}]}]}<\/script>\n<!-- \/ Yoast SEO plugin. -->","amp_enabled":true,"_links":{"self":[{"href":"https:\/\/www.restaurantazafran.com\/es\/wp-json\/wp\/v2\/pages\/298","targetHints":{"allow":["GET"]}}],"collection":[{"href":"https:\/\/www.restaurantazafran.com\/es\/wp-json\/wp\/v2\/pages"}],"about":[{"href":"https:\/\/www.restaurantazafran.com\/es\/wp-json\/wp\/v2\/types\/page"}],"author":[{"embeddable":true,"href":"https:\/\/www.restaurantazafran.com\/es\/wp-json\/wp\/v2\/users\/1"}],"replies":[{"embeddable":true,"href":"https:\/\/www.restaurantazafran.com\/es\/wp-json\/wp\/v2\/comments?post=298"}],"version-history":[{"count":7,"href":"https:\/\/www.restaurantazafran.com\/es\/wp-json\/wp\/v2\/pages\/298\/revisions"}],"predecessor-version":[{"id":611,"href":"https:\/\/www.restaurantazafran.com\/es\/wp-json\/wp\/v2\/pages\/298\/revisions\/611"}],"wp:attachment":[{"href":"https:\/\/www.restaurantazafran.com\/es\/wp-json\/wp\/v2\/media?parent=298"}],"curies":[{"name":"wp","href":"https:\/\/api.w.org\/{rel}","templated":true}]}}