{"id":281,"date":"2020-08-24T00:58:21","date_gmt":"2020-08-24T00:58:21","guid":{"rendered":"http:\/\/restaurantazafran.com\/?page_id=281"},"modified":"2020-10-27T11:32:31","modified_gmt":"2020-10-27T11:32:31","slug":"azafran-chez-vous","status":"publish","type":"page","link":"https:\/\/www.restaurantazafran.com\/es\/azafran-chez-vous\/","title":{"rendered":"Azafr\u00e1n en tu casa"},"content":{"rendered":"\t\t<div data-elementor-type=\"wp-page\" data-elementor-id=\"281\" class=\"elementor elementor-281\" data-elementor-settings=\"[]\">\n\t\t\t\t\t\t<div class=\"elementor-inner\">\n\t\t\t\t\t\t\t<div class=\"elementor-section-wrap\">\n\t\t\t\t\t\t\t<section class=\"elementor-section elementor-top-section elementor-element elementor-element-23c7b01 elementor-section-boxed elementor-section-height-default elementor-section-height-default\" data-id=\"23c7b01\" data-element_type=\"section\">\n\t\t\t\t\t\t<div class=\"elementor-container elementor-column-gap-default\">\n\t\t\t\t\t\t\t<div class=\"elementor-row\">\n\t\t\t\t\t<div class=\"elementor-column elementor-col-100 elementor-top-column elementor-element elementor-element-a37e66c\" data-id=\"a37e66c\" data-element_type=\"column\">\n\t\t\t<div class=\"elementor-column-wrap elementor-element-populated\">\n\t\t\t\t\t\t\t<div class=\"elementor-widget-wrap\">\n\t\t\t\t\t\t<div class=\"elementor-element elementor-element-374bf86 elementor-widget elementor-widget-spacer\" data-id=\"374bf86\" data-element_type=\"widget\" data-widget_type=\"spacer.default\">\n\t\t\t\t<div class=\"elementor-widget-container\">\n\t\t\t\t\t<div class=\"elementor-spacer\">\n\t\t\t<div class=\"elementor-spacer-inner\"><\/div>\n\t\t<\/div>\n\t\t\t\t<\/div>\n\t\t\t\t<\/div>\n\t\t\t\t<div class=\"elementor-element elementor-element-9027730 elementor-widget elementor-widget-heading\" data-id=\"9027730\" data-element_type=\"widget\" data-widget_type=\"heading.default\">\n\t\t\t\t<div class=\"elementor-widget-container\">\n\t\t\t<h2 class=\"elementor-heading-title elementor-size-default\">Azafr\u00e1n chez vous<\/h2>\t\t<\/div>\n\t\t\t\t<\/div>\n\t\t\t\t<div class=\"elementor-element elementor-element-78ce046 elementor-widget elementor-widget-spacer\" data-id=\"78ce046\" data-element_type=\"widget\" data-widget_type=\"spacer.default\">\n\t\t\t\t<div class=\"elementor-widget-container\">\n\t\t\t\t\t<div class=\"elementor-spacer\">\n\t\t\t<div class=\"elementor-spacer-inner\"><\/div>\n\t\t<\/div>\n\t\t\t\t<\/div>\n\t\t\t\t<\/div>\n\t\t\t\t\t\t<\/div>\n\t\t\t\t\t<\/div>\n\t\t<\/div>\n\t\t\t\t\t\t\t\t<\/div>\n\t\t\t\t\t<\/div>\n\t\t<\/section>\n\t\t\t\t<section class=\"elementor-section elementor-top-section elementor-element elementor-element-a136e76 elementor-section-boxed elementor-section-height-default elementor-section-height-default\" data-id=\"a136e76\" data-element_type=\"section\">\n\t\t\t\t\t\t<div class=\"elementor-container elementor-column-gap-default\">\n\t\t\t\t\t\t\t<div class=\"elementor-row\">\n\t\t\t\t\t<div class=\"elementor-column elementor-col-50 elementor-top-column elementor-element elementor-element-8fb589a\" data-id=\"8fb589a\" data-element_type=\"column\">\n\t\t\t<div class=\"elementor-column-wrap elementor-element-populated\">\n\t\t\t\t\t\t\t<div class=\"elementor-widget-wrap\">\n\t\t\t\t\t\t<div class=\"elementor-element elementor-element-4fbfe9a elementor-widget elementor-widget-image\" data-id=\"4fbfe9a\" data-element_type=\"widget\" data-widget_type=\"image.default\">\n\t\t\t\t<div class=\"elementor-widget-container\">\n\t\t\t\t\t<div class=\"elementor-image\">\n\t\t\t\t\t\t\t\t\t\t<img decoding=\"async\" src=\"https:\/\/www.restaurantazafran.com\/wp-content\/uploads\/elementor\/thumbs\/20180202_212455-scaled-e1598231184270-oz1h56mgjed4nz8aputzls7bw7d4wwzfqocc4fqbha.jpg\" title=\"20180202_212455\" alt=\"20180202_212455\" \/>\t\t\t\t\t\t\t\t\t\t\t<\/div>\n\t\t\t\t<\/div>\n\t\t\t\t<\/div>\n\t\t\t\t\t\t<\/div>\n\t\t\t\t\t<\/div>\n\t\t<\/div>\n\t\t\t\t<div class=\"elementor-column elementor-col-50 elementor-top-column elementor-element elementor-element-998b14b\" data-id=\"998b14b\" data-element_type=\"column\">\n\t\t\t<div class=\"elementor-column-wrap elementor-element-populated\">\n\t\t\t\t\t\t\t<div class=\"elementor-widget-wrap\">\n\t\t\t\t\t\t<div class=\"elementor-element elementor-element-d5bd608 elementor-widget elementor-widget-text-editor\" data-id=\"d5bd608\" data-element_type=\"widget\" data-widget_type=\"text-editor.default\">\n\t\t\t\t<div class=\"elementor-widget-container\">\n\t\t\t\t\t<div class=\"elementor-text-editor elementor-clearfix\"><p>Nous savons qu\u2019il s\u2019agit d\u2019une p\u00e9riode difficile pour sortir d\u00e9jeuner au restaurant. Chez Azafr\u00e1n nous sommes tr\u00e8s stricts dans l\u2019application des mesures d&rsquo;hygi\u00e8ne, \u00e0 la fois pour notre personnel et nos installations, ainsi que pour les clients qui nous visitent. Cependant, nous savons que dans de nombreux cas, il est pr\u00e9f\u00e9rable de minimiser le risque en restant \u00e0 la maison. Cela, ne signifie pas que nous devons renoncer \u00e0 d\u00e9guster les mets de Azafr\u00e1n. Pour cela, nous proposons deux formules :<\/p><\/div>\n\t\t\t\t<\/div>\n\t\t\t\t<\/div>\n\t\t\t\t<div class=\"elementor-element elementor-element-7dcfb17 elementor-widget-divider--separator-type-pattern elementor-widget elementor-widget-divider\" data-id=\"7dcfb17\" data-element_type=\"widget\" data-widget_type=\"divider.default\">\n\t\t\t\t<div class=\"elementor-widget-container\">\n\t\t\t\t\t<div class=\"elementor-divider\" style=\"--divider-pattern-url: url(&quot;data:image\/svg+xml,%3Csvg xmlns=&#039;http:\/\/www.w3.org\/2000\/svg&#039; preserveAspectRatio=&#039;none&#039; overflow=&#039;visible&#039; height=&#039;100%&#039; viewBox=&#039;0 0 24 24&#039; stroke=&#039;%23D85C59&#039; stroke-width=&#039;1&#039; fill=&#039;none&#039; stroke-linecap=&#039;square&#039; stroke-miterlimit=&#039;10&#039;%3E%3Cpath d=&#039;M0,6c6,0,0.9,11.1,6.9,11.1S18,6,24,6&#039;\/%3E%3C\/svg%3E&quot;);\">\n\t\t\t<span class=\"elementor-divider-separator\">\n\t\t\t\t\t\t<\/span>\n\t\t<\/div>\n\t\t\t\t<\/div>\n\t\t\t\t<\/div>\n\t\t\t\t<div class=\"elementor-element elementor-element-bae6ff5 elementor-widget elementor-widget-heading\" data-id=\"bae6ff5\" data-element_type=\"widget\" data-widget_type=\"heading.default\">\n\t\t\t\t<div class=\"elementor-widget-container\">\n\t\t\t<h2 class=\"elementor-heading-title elementor-size-default\">Vous souhaitez commander nos plats \u00e0 emporter ?<\/h2>\t\t<\/div>\n\t\t\t\t<\/div>\n\t\t\t\t<div class=\"elementor-element elementor-element-1d7cf9d elementor-widget elementor-widget-text-editor\" data-id=\"1d7cf9d\" data-element_type=\"widget\" data-widget_type=\"text-editor.default\">\n\t\t\t\t<div class=\"elementor-widget-container\">\n\t\t\t\t\t<div class=\"elementor-text-editor elementor-clearfix\"><p>Pas de probl\u00e8me, il suffit de nous appeler par t\u00e9l\u00e9phone, de nous faire part de votre commande, et notre livreur vous les emm\u00e8nera \u00e0 domicile dans les plus brefs d\u00e9lais.<\/p><p><i>* Service disponible uniquement \u00e0 Rabat et Sal\u00e9, pour les plats inclus dans le menu de la semaine. Pour d&rsquo;autres pr\u00e9parations ou emplacements, s\u2019il vous pla\u00eet, contactez-nous.<\/i><\/p><\/div>\n\t\t\t\t<\/div>\n\t\t\t\t<\/div>\n\t\t\t\t\t\t<\/div>\n\t\t\t\t\t<\/div>\n\t\t<\/div>\n\t\t\t\t\t\t\t\t<\/div>\n\t\t\t\t\t<\/div>\n\t\t<\/section>\n\t\t\t\t<section class=\"elementor-section elementor-top-section elementor-element elementor-element-f0d1740 elementor-section-full_width elementor-section-height-default elementor-section-height-default\" data-id=\"f0d1740\" data-element_type=\"section\">\n\t\t\t\t\t\t<div class=\"elementor-container elementor-column-gap-default\">\n\t\t\t\t\t\t\t<div class=\"elementor-row\">\n\t\t\t\t\t<div class=\"elementor-column elementor-col-100 elementor-top-column elementor-element elementor-element-78ccc18\" data-id=\"78ccc18\" data-element_type=\"column\">\n\t\t\t<div class=\"elementor-column-wrap elementor-element-populated\">\n\t\t\t\t\t\t\t<div class=\"elementor-widget-wrap\">\n\t\t\t\t\t\t<div class=\"elementor-element elementor-element-2b26ae6 elementor-widget elementor-widget-spacer\" data-id=\"2b26ae6\" data-element_type=\"widget\" data-widget_type=\"spacer.default\">\n\t\t\t\t<div class=\"elementor-widget-container\">\n\t\t\t\t\t<div class=\"elementor-spacer\">\n\t\t\t<div class=\"elementor-spacer-inner\"><\/div>\n\t\t<\/div>\n\t\t\t\t<\/div>\n\t\t\t\t<\/div>\n\t\t\t\t<div class=\"elementor-element elementor-element-8eacfc9 elementor-widget elementor-widget-template\" data-id=\"8eacfc9\" data-element_type=\"widget\" data-widget_type=\"template.default\">\n\t\t\t\t<div class=\"elementor-widget-container\">\n\t\t\t\t\t<div class=\"elementor-template\">\n\t\t\t\t\t<div data-elementor-type=\"page\" data-elementor-id=\"399\" class=\"elementor elementor-399\" data-elementor-settings=\"[]\">\n\t\t\t\t\t\t<div class=\"elementor-inner\">\n\t\t\t\t\t\t\t<div class=\"elementor-section-wrap\">\n\t\t\t\t\t\t\t<section class=\"elementor-section elementor-top-section elementor-element elementor-element-2f76a495 elementor-section-full_width elementor-section-height-default elementor-section-height-default\" data-id=\"2f76a495\" data-element_type=\"section\">\n\t\t\t\t\t\t<div class=\"elementor-container elementor-column-gap-no\">\n\t\t\t\t\t\t\t<div class=\"elementor-row\">\n\t\t\t\t\t<div class=\"elementor-column elementor-col-100 elementor-top-column elementor-element elementor-element-34638fe2\" data-id=\"34638fe2\" data-element_type=\"column\">\n\t\t\t<div class=\"elementor-column-wrap elementor-element-populated\">\n\t\t\t\t\t\t\t<div class=\"elementor-widget-wrap\">\n\t\t\t\t\t\t<div class=\"elementor-element elementor-element-34a2ba88 elementor-cta--skin-cover elementor-animated-content elementor-bg-transform elementor-bg-transform-zoom-in elementor-widget elementor-widget-call-to-action\" data-id=\"34a2ba88\" data-element_type=\"widget\" id=\"#call\" data-widget_type=\"call-to-action.default\">\n\t\t\t\t<div class=\"elementor-widget-container\">\n\t\t\t\t\t<div  class=\"elementor-cta\">\n\t\t\t\t\t<div class=\"elementor-cta__bg-wrapper\">\n\t\t\t\t<div class=\"elementor-cta__bg elementor-bg\" style=\"background-image: url(https:\/\/www.restaurantazafran.com\/wp-content\/uploads\/2020\/08\/call21-1024x683.png);\"><\/div>\n\t\t\t\t<div class=\"elementor-cta__bg-overlay\"><\/div>\n\t\t\t<\/div>\n\t\t\t\t\t\t\t<div class=\"elementor-cta__content\">\n\t\t\t\t\n\t\t\t\t\t\t\t\t\t<h2 class=\"elementor-cta__title elementor-cta__content-item elementor-content-item elementor-animated-item--grow\">\n\t\t\t\t\t\tCommandez votre service \u00e0 domicile maintenant!\t\t\t\t\t<\/h2>\n\t\t\t\t\n\t\t\t\t\n\t\t\t\t\t\t\t\t\t<div class=\"elementor-cta__button-wrapper elementor-cta__content-item elementor-content-item elementor-animated-item--grow\">\n\t\t\t\t\t<a class=\"elementor-cta__button elementor-button elementor-size-sm\" href=\"tel:212-663-656-056\">\n\t\t\t\t\t\tAppelez-nous\t\t\t\t\t<\/a>\n\t\t\t\t\t<\/div>\n\t\t\t\t\t\t\t<\/div>\n\t\t\t\t\t\t<\/div>\n\t\t\t\t<\/div>\n\t\t\t\t<\/div>\n\t\t\t\t\t\t<\/div>\n\t\t\t\t\t<\/div>\n\t\t<\/div>\n\t\t\t\t\t\t\t\t<\/div>\n\t\t\t\t\t<\/div>\n\t\t<\/section>\n\t\t\t\t<section class=\"elementor-section elementor-top-section elementor-element elementor-element-1d693bb5 elementor-section-boxed elementor-section-height-default elementor-section-height-default\" data-id=\"1d693bb5\" data-element_type=\"section\">\n\t\t\t\t\t\t\t<div class=\"elementor-background-overlay\"><\/div>\n\t\t\t\t\t\t\t<div class=\"elementor-container elementor-column-gap-default\">\n\t\t\t\t\t\t\t<div class=\"elementor-row\">\n\t\t\t\t\t<div class=\"elementor-column elementor-col-50 elementor-top-column elementor-element elementor-element-684c662a\" data-id=\"684c662a\" data-element_type=\"column\">\n\t\t\t<div class=\"elementor-column-wrap elementor-element-populated\">\n\t\t\t\t\t\t\t<div class=\"elementor-widget-wrap\">\n\t\t\t\t\t\t<div class=\"elementor-element elementor-element-5ab8df90 elementor-widget elementor-widget-text-editor\" data-id=\"5ab8df90\" data-element_type=\"widget\" data-widget_type=\"text-editor.default\">\n\t\t\t\t<div class=\"elementor-widget-container\">\n\t\t\t\t\t<div class=\"elementor-text-editor elementor-clearfix\"><p class=\"cta\">Ou laissez-nous votre t\u00e9l\u00e9phone pour que nous puissions vous appeler<\/p><\/div>\n\t\t\t\t<\/div>\n\t\t\t\t<\/div>\n\t\t\t\t\t\t<\/div>\n\t\t\t\t\t<\/div>\n\t\t<\/div>\n\t\t\t\t<div class=\"elementor-column elementor-col-50 elementor-top-column elementor-element elementor-element-15164d0b\" data-id=\"15164d0b\" data-element_type=\"column\">\n\t\t\t<div class=\"elementor-column-wrap elementor-element-populated\">\n\t\t\t\t\t\t\t<div class=\"elementor-widget-wrap\">\n\t\t\t\t\t\t<div class=\"elementor-element elementor-element-1908baeb elementor-button-align-stretch elementor-widget elementor-widget-form\" data-id=\"1908baeb\" data-element_type=\"widget\" data-settings=\"{&quot;step_next_label&quot;:&quot;Next&quot;,&quot;step_previous_label&quot;:&quot;Previous&quot;,&quot;button_width&quot;:&quot;100&quot;,&quot;step_type&quot;:&quot;number_text&quot;,&quot;step_icon_shape&quot;:&quot;circle&quot;}\" data-widget_type=\"form.default\">\n\t\t\t\t<div class=\"elementor-widget-container\">\n\t\t\t\t\t<form class=\"elementor-form\" method=\"post\" name=\"Telefono\">\n\t\t\t<input type=\"hidden\" name=\"post_id\" value=\"399\"\/>\n\t\t\t<input type=\"hidden\" name=\"form_id\" value=\"1908baeb\"\/>\n\n\t\t\t\n\t\t\t<div class=\"elementor-form-fields-wrapper elementor-labels-\">\n\t\t\t\t\t\t\t\t<div class=\"elementor-field-type-tel elementor-field-group elementor-column elementor-field-group-telefono elementor-col-100 elementor-field-required\">\n\t\t\t\t\t<label for=\"form-field-telefono\" class=\"elementor-field-label elementor-screen-only\">T\u00e9l\u00e9phone<\/label><input size=\"1\" type=\"tel\" name=\"form_fields[telefono]\" id=\"form-field-telefono\" class=\"elementor-field elementor-size-sm  elementor-field-textual\" placeholder=\"T\u00e9l\u00e9phone\" required=\"required\" aria-required=\"true\" pattern=\"[0-9()#&amp;+*-=.]+\" title=\"Only numbers and phone characters (#, -, *, etc) are accepted.\">\t\t\t\t<\/div>\n\t\t\t\t\t\t\t\t<div class=\"elementor-field-type-text elementor-field-group elementor-column elementor-field-group-Nom elementor-col-100 elementor-field-required\">\n\t\t\t\t\t<label for=\"form-field-Nom\" class=\"elementor-field-label elementor-screen-only\">Nom<\/label><input size=\"1\" type=\"text\" name=\"form_fields[Nom]\" id=\"form-field-Nom\" class=\"elementor-field elementor-size-sm  elementor-field-textual\" placeholder=\"Nom\" required=\"required\" aria-required=\"true\">\t\t\t\t<\/div>\n\t\t\t\t\t\t\t\t<div class=\"elementor-field-type-acceptance elementor-field-group elementor-column elementor-field-group-mentions elementor-col-100 elementor-field-required\">\n\t\t\t\t\t<div class=\"elementor-field-subgroup\"><span class=\"elementor-field-option\"><input type=\"checkbox\" name=\"form_fields[mentions]\" id=\"form-field-mentions\" class=\"elementor-field elementor-size-sm  elementor-acceptance-field\" required=\"required\" aria-required=\"true\"> <label for=\"form-field-mentions\">J'ai lu et j'accepte les <a href=\"http:\/\/restaurantazafran.com\/aviso-legal\/\">mentions l\u00e9gales<\/a>.<\/label><\/span><\/div>\t\t\t\t<\/div>\n\t\t\t\t\t\t\t\t<div class=\"elementor-field-type-recaptcha elementor-field-group elementor-column elementor-field-group-captcha elementor-col-100\">\n\t\t\t\t\t<div class=\"elementor-field\" id=\"form-field-captcha\"><div class=\"elementor-g-recaptcha\" data-sitekey=\"6LewM0AaAAAAAEVDJeYqjeg5OQlON_ZmRRwN3kvt\" data-type=\"v2_checkbox\" data-theme=\"light\" data-size=\"normal\"><\/div><\/div>\t\t\t\t<\/div>\n\t\t\t\t\t\t\t\t<div class=\"elementor-field-group elementor-column elementor-field-type-submit elementor-col-100 e-form__buttons\">\n\t\t\t\t\t<button type=\"submit\" class=\"elementor-button elementor-size-xs\">\n\t\t\t\t\t\t<span >\n\t\t\t\t\t\t\t\t\t\t\t\t\t\t\t<span class=\" elementor-button-icon\">\n\t\t\t\t\t\t\t\t\t\t\t\t\t\t\t\t\t\t\t\t\t\t\t\t\t\t<\/span>\n\t\t\t\t\t\t\t\t\t\t\t\t\t\t\t\t\t\t\t\t\t\t<span class=\"elementor-button-text\">Je demande un appel<\/span>\n\t\t\t\t\t\t\t\t\t\t\t\t\t<\/span>\n\t\t\t\t\t<\/button>\n\t\t\t\t<\/div>\n\t\t\t<\/div>\n\t\t<\/form>\n\t\t\t\t<\/div>\n\t\t\t\t<\/div>\n\t\t\t\t\t\t<\/div>\n\t\t\t\t\t<\/div>\n\t\t<\/div>\n\t\t\t\t\t\t\t\t<\/div>\n\t\t\t\t\t<\/div>\n\t\t<\/section>\n\t\t\t\t\t\t<\/div>\n\t\t\t\t\t\t<\/div>\n\t\t\t\t\t<\/div>\n\t\t\t\t<\/div>\n\t\t\t\t<\/div>\n\t\t\t\t<\/div>\n\t\t\t\t\t\t<\/div>\n\t\t\t\t\t<\/div>\n\t\t<\/div>\n\t\t\t\t\t\t\t\t<\/div>\n\t\t\t\t\t<\/div>\n\t\t<\/section>\n\t\t\t\t<section class=\"elementor-section elementor-top-section elementor-element elementor-element-b7b3f37 elementor-section-boxed elementor-section-height-default elementor-section-height-default\" data-id=\"b7b3f37\" data-element_type=\"section\">\n\t\t\t\t\t\t<div class=\"elementor-container elementor-column-gap-default\">\n\t\t\t\t\t\t\t<div class=\"elementor-row\">\n\t\t\t\t\t<div class=\"elementor-column elementor-col-100 elementor-top-column elementor-element elementor-element-2065c9c\" data-id=\"2065c9c\" data-element_type=\"column\">\n\t\t\t<div class=\"elementor-column-wrap elementor-element-populated\">\n\t\t\t\t\t\t\t<div class=\"elementor-widget-wrap\">\n\t\t\t\t\t\t<div class=\"elementor-element elementor-element-a9af80e elementor-widget-divider--separator-type-pattern elementor-widget elementor-widget-divider\" data-id=\"a9af80e\" data-element_type=\"widget\" data-widget_type=\"divider.default\">\n\t\t\t\t<div class=\"elementor-widget-container\">\n\t\t\t\t\t<div class=\"elementor-divider\" style=\"--divider-pattern-url: url(&quot;data:image\/svg+xml,%3Csvg xmlns=&#039;http:\/\/www.w3.org\/2000\/svg&#039; preserveAspectRatio=&#039;none&#039; overflow=&#039;visible&#039; height=&#039;100%&#039; viewBox=&#039;0 0 24 24&#039; stroke=&#039;%23D85C59&#039; stroke-width=&#039;1&#039; fill=&#039;none&#039; stroke-linecap=&#039;square&#039; stroke-miterlimit=&#039;10&#039;%3E%3Cpath d=&#039;M0,6c6,0,6,13,12,13S18,6,24,6&#039;\/%3E%3C\/svg%3E&quot;);\">\n\t\t\t<span class=\"elementor-divider-separator\">\n\t\t\t\t\t\t<\/span>\n\t\t<\/div>\n\t\t\t\t<\/div>\n\t\t\t\t<\/div>\n\t\t\t\t<div class=\"elementor-element elementor-element-2f9fc25 elementor-widget elementor-widget-heading\" data-id=\"2f9fc25\" data-element_type=\"widget\" data-widget_type=\"heading.default\">\n\t\t\t\t<div class=\"elementor-widget-container\">\n\t\t\t<h2 class=\"elementor-heading-title elementor-size-default\">Voulez-vous vivre toute l'exp\u00e9rience du restaurant dans votre propre maison? <\/h2>\t\t<\/div>\n\t\t\t\t<\/div>\n\t\t\t\t<div class=\"elementor-element elementor-element-78f477d elementor-widget elementor-widget-text-editor\" data-id=\"78f477d\" data-element_type=\"widget\" data-widget_type=\"text-editor.default\">\n\t\t\t\t<div class=\"elementor-widget-container\">\n\t\t\t\t\t<div class=\"elementor-text-editor elementor-clearfix\"><p>Chez Azafr\u00e1n, nous voulons vous offrir une exp\u00e9rience diff\u00e9rente, qui va au-del\u00e0 de la livraison \u00e0 domicile : <strong>nous transf\u00e9rons toute l&rsquo;exp\u00e9rience du restaurant chez vous<\/strong>, afin que vous puissiez profiter de nos plats fra\u00eechement pr\u00e9par\u00e9s, servis par un serveur, dans notre propre vaisselle et en laissant votre cuisine parfaitement propre et ramass\u00e9e.<\/p><p><i>* Ce service doit \u00eatre demand\u00e9 au moins 24 heures \u00e0 l&rsquo;avance, en pr\u00e9cisant le menu exact que vous souhaitez consommer. Elle sera soumise \u00e0 la disponibilit\u00e9 de notre personnel. Au cas o\u00f9 les dates souhait\u00e9es ne pourraient \u00eatre adopt\u00e9es en vertu d\u2019autres engagements, des dates ou horaires alternatifs vous seront propos\u00e9s. <\/i><\/p><\/div>\n\t\t\t\t<\/div>\n\t\t\t\t<\/div>\n\t\t\t\t<div class=\"elementor-element elementor-element-52f29e4 elementor-widget-divider--separator-type-pattern elementor-widget elementor-widget-divider\" data-id=\"52f29e4\" data-element_type=\"widget\" data-widget_type=\"divider.default\">\n\t\t\t\t<div class=\"elementor-widget-container\">\n\t\t\t\t\t<div class=\"elementor-divider\" style=\"--divider-pattern-url: url(&quot;data:image\/svg+xml,%3Csvg xmlns=&#039;http:\/\/www.w3.org\/2000\/svg&#039; preserveAspectRatio=&#039;none&#039; overflow=&#039;visible&#039; height=&#039;100%&#039; viewBox=&#039;0 0 24 24&#039; stroke=&#039;%23D85C59&#039; stroke-width=&#039;1&#039; fill=&#039;none&#039; stroke-linecap=&#039;square&#039; stroke-miterlimit=&#039;10&#039;%3E%3Cpath d=&#039;M0,6c6,0,6,13,12,13S18,6,24,6&#039;\/%3E%3C\/svg%3E&quot;);\">\n\t\t\t<span class=\"elementor-divider-separator\">\n\t\t\t\t\t\t<\/span>\n\t\t<\/div>\n\t\t\t\t<\/div>\n\t\t\t\t<\/div>\n\t\t\t\t\t\t<\/div>\n\t\t\t\t\t<\/div>\n\t\t<\/div>\n\t\t\t\t\t\t\t\t<\/div>\n\t\t\t\t\t<\/div>\n\t\t<\/section>\n\t\t\t\t\t\t<\/div>\n\t\t\t\t\t\t<\/div>\n\t\t\t\t\t<\/div>\n\t\t","protected":false},"excerpt":{"rendered":"<p>Azafr\u00e1n chez vous Nous savons qu\u2019il s\u2019agit d\u2019une p\u00e9riode difficile pour sortir d\u00e9jeuner au restaurant. Chez Azafr\u00e1n nous sommes tr\u00e8s stricts dans l\u2019application des mesures d&rsquo;hygi\u00e8ne, \u00e0 la fois pour notre personnel et nos installations, ainsi que pour les clients qui nous visitent. Cependant, nous savons que dans de nombreux cas, il est pr\u00e9f\u00e9rable de [&hellip;]<\/p>\n","protected":false},"author":1,"featured_media":0,"parent":0,"menu_order":0,"comment_status":"closed","ping_status":"closed","template":"","meta":{"footnotes":""},"class_list":["post-281","page","type-page","status-publish","hentry"],"yoast_head":"<!-- This site is optimized with the Yoast SEO plugin v15.2 - https:\/\/yoast.com\/wordpress\/plugins\/seo\/ -->\n<title>Cuisine \u00e0 domicile Azafran - Le restaurant Azafran vient chez vous!<\/title>\n<meta name=\"description\" content=\"Azafran vous offre cuisine \u00e0 domicile \u00e0 Rabat et Sal\u00e9: le restaurant vient chez-vous! Nos cuisiniers se d\u00e9placent pour cuisiner \u00e0 votre domicile nos menus.\" \/>\n<meta name=\"robots\" content=\"index, follow, max-snippet:-1, max-image-preview:large, max-video-preview:-1\" \/>\n<link rel=\"canonical\" href=\"https:\/\/www.restaurantazafran.com\/es\/azafran-chez-vous\/\" \/>\n<meta property=\"og:locale\" content=\"es_ES\" \/>\n<meta property=\"og:type\" content=\"article\" \/>\n<meta property=\"og:title\" content=\"Cuisine \u00e0 domicile Azafran - Le restaurant Azafran vient chez vous!\" \/>\n<meta property=\"og:description\" content=\"Azafran vous offre cuisine \u00e0 domicile \u00e0 Rabat et Sal\u00e9: le restaurant vient chez-vous! Nos cuisiniers se d\u00e9placent pour cuisiner \u00e0 votre domicile nos menus.\" \/>\n<meta property=\"og:url\" content=\"https:\/\/www.restaurantazafran.com\/es\/azafran-chez-vous\/\" \/>\n<meta property=\"og:site_name\" content=\"Azafr\u00e1n\" \/>\n<meta property=\"article:modified_time\" content=\"2020-10-27T11:32:31+00:00\" \/>\n<meta property=\"og:image\" content=\"http:\/\/restaurantazafran.com\/wp-content\/uploads\/elementor\/thumbs\/20180202_212455-scaled-e1598231184270-oujegqdbu5vb56bq599zgs0yolg2gn6wrd8ltknwdk.jpg\" \/>\n<meta name=\"twitter:card\" content=\"summary_large_image\" \/>\n<meta name=\"twitter:label1\" value=\"Escrito por\">\n\t<meta name=\"twitter:data1\" value=\"Sankara\">\n\t<meta name=\"twitter:label2\" value=\"Tiempo de lectura\">\n\t<meta name=\"twitter:data2\" value=\"1 minuto\">\n<script type=\"application\/ld+json\" class=\"yoast-schema-graph\">{\"@context\":\"https:\/\/schema.org\",\"@graph\":[{\"@type\":\"WebSite\",\"@id\":\"https:\/\/www.restaurantazafran.com\/#website\",\"url\":\"https:\/\/www.restaurantazafran.com\/\",\"name\":\"Azafr\\u00e1n\",\"description\":\"Restaurant et cuisine \\u00e0 domicile \\u00e0 Sal\\u00e9 \/ Rabat\",\"potentialAction\":[{\"@type\":\"SearchAction\",\"target\":\"https:\/\/www.restaurantazafran.com\/?s={search_term_string}\",\"query-input\":\"required name=search_term_string\"}],\"inLanguage\":\"es\"},{\"@type\":\"ImageObject\",\"@id\":\"https:\/\/www.restaurantazafran.com\/es\/azafran-chez-vous\/#primaryimage\",\"inLanguage\":\"es\",\"url\":\"http:\/\/restaurantazafran.com\/wp-content\/uploads\/elementor\/thumbs\/20180202_212455-scaled-e1598231184270-oujegqdbu5vb56bq599zgs0yolg2gn6wrd8ltknwdk.jpg\"},{\"@type\":\"WebPage\",\"@id\":\"https:\/\/www.restaurantazafran.com\/es\/azafran-chez-vous\/#webpage\",\"url\":\"https:\/\/www.restaurantazafran.com\/es\/azafran-chez-vous\/\",\"name\":\"Cuisine \\u00e0 domicile Azafran - Le restaurant Azafran vient chez vous!\",\"isPartOf\":{\"@id\":\"https:\/\/www.restaurantazafran.com\/#website\"},\"primaryImageOfPage\":{\"@id\":\"https:\/\/www.restaurantazafran.com\/es\/azafran-chez-vous\/#primaryimage\"},\"datePublished\":\"2020-08-24T00:58:21+00:00\",\"dateModified\":\"2020-10-27T11:32:31+00:00\",\"description\":\"Azafran vous offre cuisine \\u00e0 domicile \\u00e0 Rabat et Sal\\u00e9: le restaurant vient chez-vous! Nos cuisiniers se d\\u00e9placent pour cuisiner \\u00e0 votre domicile nos menus.\",\"inLanguage\":\"es\",\"potentialAction\":[{\"@type\":\"ReadAction\",\"target\":[\"https:\/\/www.restaurantazafran.com\/es\/azafran-chez-vous\/\"]}]}]}<\/script>\n<!-- \/ Yoast SEO plugin. -->","amp_enabled":true,"_links":{"self":[{"href":"https:\/\/www.restaurantazafran.com\/es\/wp-json\/wp\/v2\/pages\/281","targetHints":{"allow":["GET"]}}],"collection":[{"href":"https:\/\/www.restaurantazafran.com\/es\/wp-json\/wp\/v2\/pages"}],"about":[{"href":"https:\/\/www.restaurantazafran.com\/es\/wp-json\/wp\/v2\/types\/page"}],"author":[{"embeddable":true,"href":"https:\/\/www.restaurantazafran.com\/es\/wp-json\/wp\/v2\/users\/1"}],"replies":[{"embeddable":true,"href":"https:\/\/www.restaurantazafran.com\/es\/wp-json\/wp\/v2\/comments?post=281"}],"version-history":[{"count":30,"href":"https:\/\/www.restaurantazafran.com\/es\/wp-json\/wp\/v2\/pages\/281\/revisions"}],"predecessor-version":[{"id":609,"href":"https:\/\/www.restaurantazafran.com\/es\/wp-json\/wp\/v2\/pages\/281\/revisions\/609"}],"wp:attachment":[{"href":"https:\/\/www.restaurantazafran.com\/es\/wp-json\/wp\/v2\/media?parent=281"}],"curies":[{"name":"wp","href":"https:\/\/api.w.org\/{rel}","templated":true}]}}