{"id":308,"date":"2020-08-24T01:34:55","date_gmt":"2020-08-24T01:34:55","guid":{"rendered":"http:\/\/restaurantazafran.com\/?page_id=308"},"modified":"2022-10-26T11:15:40","modified_gmt":"2022-10-26T11:15:40","slug":"a-propos-de-azafran","status":"publish","type":"page","link":"https:\/\/www.restaurantazafran.com\/en\/a-propos-de-azafran\/","title":{"rendered":"About Azafran"},"content":{"rendered":"<div data-elementor-type=\"wp-page\" data-elementor-id=\"308\" class=\"elementor elementor-308\" data-elementor-settings=\"[]\">\n\t\t\t\t\t\t<div class=\"elementor-inner\">\n\t\t\t\t\t\t\t<div class=\"elementor-section-wrap\">\n\t\t\t\t\t\t\t<section class=\"elementor-section elementor-top-section elementor-element elementor-element-a6fe563 elementor-section-boxed elementor-section-height-default elementor-section-height-default\" data-id=\"a6fe563\" data-element_type=\"section\">\n\t\t\t\t\t\t<div class=\"elementor-container elementor-column-gap-default\">\n\t\t\t\t\t\t\t<div class=\"elementor-row\">\n\t\t\t\t\t<div class=\"elementor-column elementor-col-100 elementor-top-column elementor-element elementor-element-b93439a\" data-id=\"b93439a\" data-element_type=\"column\">\n\t\t\t<div class=\"elementor-column-wrap elementor-element-populated\">\n\t\t\t\t\t\t\t<div class=\"elementor-widget-wrap\">\n\t\t\t\t\t\t<div class=\"elementor-element elementor-element-6e9b937 elementor-widget elementor-widget-spacer\" data-id=\"6e9b937\" data-element_type=\"widget\" data-widget_type=\"spacer.default\">\n\t\t\t\t<div class=\"elementor-widget-container\">\n\t\t\t\t\t<div class=\"elementor-spacer\">\n\t\t\t<div class=\"elementor-spacer-inner\"><\/div>\n\t\t<\/div>\n\t\t\t\t<\/div>\n\t\t\t\t<\/div>\n\t\t\t\t<div class=\"elementor-element elementor-element-f92cb5a elementor-widget elementor-widget-heading\" data-id=\"f92cb5a\" data-element_type=\"widget\" data-widget_type=\"heading.default\">\n\t\t\t\t<div class=\"elementor-widget-container\">\n\t\t\t<h2 class=\"elementor-heading-title elementor-size-default\">About Azafran<\/h2>\t\t<\/div>\n\t\t\t\t<\/div>\n\t\t\t\t\t\t<\/div>\n\t\t\t\t\t<\/div>\n\t\t<\/div>\n\t\t\t\t\t\t\t\t<\/div>\n\t\t\t\t\t<\/div>\n\t\t<\/section>\n\t\t\t\t<section class=\"elementor-section elementor-top-section elementor-element elementor-element-c202c1b elementor-section-boxed elementor-section-height-default elementor-section-height-default\" data-id=\"c202c1b\" data-element_type=\"section\">\n\t\t\t\t\t\t<div class=\"elementor-container elementor-column-gap-default\">\n\t\t\t\t\t\t\t<div class=\"elementor-row\">\n\t\t\t\t\t<div class=\"elementor-column elementor-col-100 elementor-top-column elementor-element elementor-element-9801814\" data-id=\"9801814\" data-element_type=\"column\">\n\t\t\t<div class=\"elementor-column-wrap elementor-element-populated\">\n\t\t\t\t\t\t\t<div class=\"elementor-widget-wrap\">\n\t\t\t\t\t\t<div class=\"elementor-element elementor-element-baa97b7 elementor-widget elementor-widget-text-editor\" data-id=\"baa97b7\" data-element_type=\"widget\" data-widget_type=\"text-editor.default\">\n\t\t\t\t<div class=\"elementor-widget-container\">\n\t\t\t\t\t<div class=\"elementor-text-editor elementor-clearfix\"><p>At Azafran we have been brave and have started this project at a difficult time for everyone due to the COVID-19 pandemic, and even more so for the restaurant industry. But we believe that time cannot stand still. Opening this restaurant has been our dream and we have been working toward it for a long time; this is why we believe that by visiting us or by hiring one of our services we can transmit all of our enthusiasm to you, making you want to repeat the experience.<\/p><p>We want to be there for you, because even in these times of a pandemic, we know that we are all looking for a place to break the monotony, eat well, or meet with family or friends, but with the guarantee that the strictest hygienic measures and precautions will be enacted and respected as much as possible. Our restaurant is an open space, where you can walk around and breathe deeply in complete safety, and even let your children enjoy our leisure park in peace. And if your preference is to stay at home, we also offer you plenty of options for both everyday and special occasions.<\/p><\/div>\n\t\t\t\t<\/div>\n\t\t\t\t<\/div>\n\t\t\t\t\t\t<\/div>\n\t\t\t\t\t<\/div>\n\t\t<\/div>\n\t\t\t\t\t\t\t\t<\/div>\n\t\t\t\t\t<\/div>\n\t\t<\/section>\n\t\t\t\t<section class=\"elementor-section elementor-top-section elementor-element elementor-element-e8d6bf3 elementor-section-boxed elementor-section-height-default elementor-section-height-default\" data-id=\"e8d6bf3\" data-element_type=\"section\">\n\t\t\t\t\t\t<div class=\"elementor-container elementor-column-gap-default\">\n\t\t\t\t\t\t\t<div class=\"elementor-row\">\n\t\t\t\t\t<div class=\"elementor-column elementor-col-100 elementor-top-column elementor-element elementor-element-f09e422\" data-id=\"f09e422\" data-element_type=\"column\">\n\t\t\t<div class=\"elementor-column-wrap elementor-element-populated\">\n\t\t\t\t\t\t\t<div class=\"elementor-widget-wrap\">\n\t\t\t\t\t\t<div class=\"elementor-element elementor-element-c16cbe6 elementor-widget-divider--separator-type-pattern elementor-widget elementor-widget-divider\" data-id=\"c16cbe6\" data-element_type=\"widget\" data-widget_type=\"divider.default\">\n\t\t\t\t<div class=\"elementor-widget-container\">\n\t\t\t\t\t<div class=\"elementor-divider\" style=\"--divider-pattern-url: url(&quot;data:image\/svg+xml,%3Csvg xmlns=&#039;http:\/\/www.w3.org\/2000\/svg&#039; preserveAspectRatio=&#039;none&#039; overflow=&#039;visible&#039; height=&#039;100%&#039; viewBox=&#039;0 0 24 24&#039; stroke=&#039;%23D85C59&#039; stroke-width=&#039;1&#039; fill=&#039;none&#039; stroke-linecap=&#039;square&#039; stroke-miterlimit=&#039;10&#039;%3E%3Cpath d=&#039;M0,6c6,0,6,13,12,13S18,6,24,6&#039;\/%3E%3C\/svg%3E&quot;);\">\n\t\t\t<span class=\"elementor-divider-separator\">\n\t\t\t\t\t\t<\/span>\n\t\t<\/div>\n\t\t\t\t<\/div>\n\t\t\t\t<\/div>\n\t\t\t\t\t\t<\/div>\n\t\t\t\t\t<\/div>\n\t\t<\/div>\n\t\t\t\t\t\t\t\t<\/div>\n\t\t\t\t\t<\/div>\n\t\t<\/section>\n\t\t\t\t<section class=\"elementor-section elementor-top-section elementor-element elementor-element-0a5fc8a elementor-section-boxed elementor-section-height-default elementor-section-height-default\" data-id=\"0a5fc8a\" data-element_type=\"section\">\n\t\t\t\t\t\t<div class=\"elementor-container elementor-column-gap-default\">\n\t\t\t\t\t\t\t<div class=\"elementor-row\">\n\t\t\t\t\t<div class=\"elementor-column elementor-col-50 elementor-top-column elementor-element elementor-element-7f73cd3\" data-id=\"7f73cd3\" data-element_type=\"column\">\n\t\t\t<div class=\"elementor-column-wrap elementor-element-populated\">\n\t\t\t\t\t\t\t<div class=\"elementor-widget-wrap\">\n\t\t\t\t\t\t<div class=\"elementor-element elementor-element-cdf15da elementor-widget elementor-widget-image\" data-id=\"cdf15da\" data-element_type=\"widget\" data-widget_type=\"image.default\">\n\t\t\t\t<div class=\"elementor-widget-container\">\n\t\t\t\t\t<div class=\"elementor-image\">\n\t\t\t\t\t\t\t\t\t\t<img loading=\"lazy\" decoding=\"async\" width=\"605\" height=\"605\" src=\"https:\/\/www.restaurantazafran.com\/wp-content\/uploads\/2022\/10\/254973245_424874089006267_2444108380077061614_n.jpg\" class=\"attachment-medium_large size-medium_large\" alt=\"\" srcset=\"https:\/\/www.restaurantazafran.com\/wp-content\/uploads\/2022\/10\/254973245_424874089006267_2444108380077061614_n.jpg 605w, https:\/\/www.restaurantazafran.com\/wp-content\/uploads\/2022\/10\/254973245_424874089006267_2444108380077061614_n-300x300.jpg 300w, https:\/\/www.restaurantazafran.com\/wp-content\/uploads\/2022\/10\/254973245_424874089006267_2444108380077061614_n-150x150.jpg 150w\" sizes=\"auto, (max-width: 605px) 100vw, 605px\" \/>\t\t\t\t\t\t\t\t\t\t\t<\/div>\n\t\t\t\t<\/div>\n\t\t\t\t<\/div>\n\t\t\t\t\t\t<\/div>\n\t\t\t\t\t<\/div>\n\t\t<\/div>\n\t\t\t\t<div class=\"elementor-column elementor-col-50 elementor-top-column elementor-element elementor-element-2334ff9\" data-id=\"2334ff9\" data-element_type=\"column\">\n\t\t\t<div class=\"elementor-column-wrap elementor-element-populated\">\n\t\t\t\t\t\t\t<div class=\"elementor-widget-wrap\">\n\t\t\t\t\t\t<div class=\"elementor-element elementor-element-6051f1a elementor-widget elementor-widget-text-editor\" data-id=\"6051f1a\" data-element_type=\"widget\" data-widget_type=\"text-editor.default\">\n\t\t\t\t<div class=\"elementor-widget-container\">\n\t\t\t\t\t<div class=\"elementor-text-editor elementor-clearfix\"><p>Azafr\u00e1n est n\u00e9 de la trajectoire de Youssef Hachimi Alaoui, dont sa vaste exp\u00e9rience dans le secteur de l&rsquo;h\u00f4tellerie et de la restauration garantit le meilleur r\u00e9sultat dans chacun de nos services.<\/p><p><strong>Youssef<\/strong> has been dedicated to the hotel industry for nearly 20 years, working with some of the most famous hotels in Morocco. He has worked and learned alongside the best chefs in the country, and even star chefs like Xavier Mathieu, S\u00e9bastien Bontour or the Pourcel brothers. Since moving to Rabat 9 years ago, his career has been focused on private catering and tailor-made events.<\/p><\/div>\n\t\t\t\t<\/div>\n\t\t\t\t<\/div>\n\t\t\t\t\t\t<\/div>\n\t\t\t\t\t<\/div>\n\t\t<\/div>\n\t\t\t\t\t\t\t\t<\/div>\n\t\t\t\t\t<\/div>\n\t\t<\/section>\n\t\t\t\t<section class=\"elementor-section elementor-top-section elementor-element elementor-element-6992d0e elementor-section-boxed elementor-section-height-default elementor-section-height-default\" data-id=\"6992d0e\" data-element_type=\"section\">\n\t\t\t\t\t\t<div class=\"elementor-container elementor-column-gap-default\">\n\t\t\t\t\t\t\t<div class=\"elementor-row\">\n\t\t\t\t\t<div class=\"elementor-column elementor-col-50 elementor-top-column elementor-element elementor-element-9bc0c6a\" data-id=\"9bc0c6a\" data-element_type=\"column\">\n\t\t\t<div class=\"elementor-column-wrap elementor-element-populated\">\n\t\t\t\t\t\t\t<div class=\"elementor-widget-wrap\">\n\t\t\t\t\t\t<div class=\"elementor-element elementor-element-37150f7 elementor-widget elementor-widget-text-editor\" data-id=\"37150f7\" data-element_type=\"widget\" data-widget_type=\"text-editor.default\">\n\t\t\t\t<div class=\"elementor-widget-container\">\n\t\t\t\t\t<div class=\"elementor-text-editor elementor-clearfix\"><p>To top it all off, by trusting Azafran to provide a wonderful experience for you, you are supporting the Bouregred Med-O-Med Gardening School, a project that helps young men and women in precarious situations to learn a trade. When you choose our restaurant or one of our services, you are supporting families, artisans and local suppliers, all in a spirit of respect, sharing and sustainability.<\/p><\/div>\n\t\t\t\t<\/div>\n\t\t\t\t<\/div>\n\t\t\t\t\t\t<\/div>\n\t\t\t\t\t<\/div>\n\t\t<\/div>\n\t\t\t\t<div class=\"elementor-column elementor-col-50 elementor-top-column elementor-element elementor-element-061a38a\" data-id=\"061a38a\" data-element_type=\"column\">\n\t\t\t<div class=\"elementor-column-wrap elementor-element-populated\">\n\t\t\t\t\t\t\t<div class=\"elementor-widget-wrap\">\n\t\t\t\t\t\t<div class=\"elementor-element elementor-element-5a1697a elementor-widget elementor-widget-image\" data-id=\"5a1697a\" data-element_type=\"widget\" data-widget_type=\"image.default\">\n\t\t\t\t<div class=\"elementor-widget-container\">\n\t\t\t\t\t<div class=\"elementor-image\">\n\t\t\t\t\t\t\t\t\t\t<img loading=\"lazy\" decoding=\"async\" width=\"800\" height=\"533\" src=\"https:\/\/www.restaurantazafran.com\/wp-content\/uploads\/2020\/08\/104489127_760734264766325_4485925318017107468_o.jpg\" class=\"attachment-large size-large\" alt=\"\" srcset=\"https:\/\/www.restaurantazafran.com\/wp-content\/uploads\/2020\/08\/104489127_760734264766325_4485925318017107468_o.jpg 960w, https:\/\/www.restaurantazafran.com\/wp-content\/uploads\/2020\/08\/104489127_760734264766325_4485925318017107468_o-300x200.jpg 300w, https:\/\/www.restaurantazafran.com\/wp-content\/uploads\/2020\/08\/104489127_760734264766325_4485925318017107468_o-768x512.jpg 768w\" sizes=\"auto, (max-width: 800px) 100vw, 800px\" \/>\t\t\t\t\t\t\t\t\t\t\t<\/div>\n\t\t\t\t<\/div>\n\t\t\t\t<\/div>\n\t\t\t\t\t\t<\/div>\n\t\t\t\t\t<\/div>\n\t\t<\/div>\n\t\t\t\t\t\t\t\t<\/div>\n\t\t\t\t\t<\/div>\n\t\t<\/section>\n\t\t\t\t<section class=\"elementor-section elementor-top-section elementor-element elementor-element-dbf1b7b elementor-section-boxed elementor-section-height-default elementor-section-height-default\" data-id=\"dbf1b7b\" data-element_type=\"section\">\n\t\t\t\t\t\t<div class=\"elementor-container elementor-column-gap-default\">\n\t\t\t\t\t\t\t<div class=\"elementor-row\">\n\t\t\t\t\t<div class=\"elementor-column elementor-col-100 elementor-top-column elementor-element elementor-element-c3a250d\" data-id=\"c3a250d\" data-element_type=\"column\">\n\t\t\t<div class=\"elementor-column-wrap elementor-element-populated\">\n\t\t\t\t\t\t\t<div class=\"elementor-widget-wrap\">\n\t\t\t\t\t\t<div class=\"elementor-element elementor-element-ccccced elementor-widget-divider--separator-type-pattern elementor-widget elementor-widget-divider\" data-id=\"ccccced\" data-element_type=\"widget\" data-widget_type=\"divider.default\">\n\t\t\t\t<div class=\"elementor-widget-container\">\n\t\t\t\t\t<div class=\"elementor-divider\" style=\"--divider-pattern-url: url(&quot;data:image\/svg+xml,%3Csvg xmlns=&#039;http:\/\/www.w3.org\/2000\/svg&#039; preserveAspectRatio=&#039;none&#039; overflow=&#039;visible&#039; height=&#039;100%&#039; viewBox=&#039;0 0 24 24&#039; stroke=&#039;%23D85C59&#039; stroke-width=&#039;1&#039; fill=&#039;none&#039; stroke-linecap=&#039;square&#039; stroke-miterlimit=&#039;10&#039;%3E%3Cpath d=&#039;M0,6c6,0,6,13,12,13S18,6,24,6&#039;\/%3E%3C\/svg%3E&quot;);\">\n\t\t\t<span class=\"elementor-divider-separator\">\n\t\t\t\t\t\t<\/span>\n\t\t<\/div>\n\t\t\t\t<\/div>\n\t\t\t\t<\/div>\n\t\t\t\t\t\t<\/div>\n\t\t\t\t\t<\/div>\n\t\t<\/div>\n\t\t\t\t\t\t\t\t<\/div>\n\t\t\t\t\t<\/div>\n\t\t<\/section>\n\t\t\t\t\t\t<\/div>\n\t\t\t\t\t\t<\/div>\n\t\t\t\t\t<\/div>","protected":false},"excerpt":{"rendered":"<p>\u00c0 propos de Azafr\u00e1n Chez Azafr\u00e1n nous avons \u00e9t\u00e9 courageux et nous avons d\u00e9marr\u00e9 ce projet \u00e0 un moment difficile pour tous en raison de la pand\u00e9mie de Covid-19, et plus encore pour le secteur de la restauration. Mais nous pensons que le temps ne peut pas s&rsquo;arr\u00eater. Ouvrir ce restaurant a \u00e9t\u00e9 notre r\u00eave [&hellip;]<\/p>\n","protected":false},"author":1,"featured_media":0,"parent":0,"menu_order":0,"comment_status":"closed","ping_status":"closed","template":"","meta":{"footnotes":""},"class_list":["post-308","page","type-page","status-publish","hentry"],"yoast_head":"<!-- This site is optimized with the Yoast SEO plugin v15.2 - https:\/\/yoast.com\/wordpress\/plugins\/seo\/ -->\n<title>\u00c0 propos de Azafr\u00e1n - Azafr\u00e1n<\/title>\n<meta name=\"robots\" content=\"index, follow, max-snippet:-1, max-image-preview:large, max-video-preview:-1\" \/>\n<link rel=\"canonical\" href=\"https:\/\/www.restaurantazafran.com\/en\/a-propos-de-azafran\/\" \/>\n<meta property=\"og:locale\" content=\"en_US\" \/>\n<meta property=\"og:type\" content=\"article\" \/>\n<meta property=\"og:title\" content=\"\u00c0 propos de Azafr\u00e1n - Azafr\u00e1n\" \/>\n<meta property=\"og:description\" content=\"\u00c0 propos de Azafr\u00e1n Chez Azafr\u00e1n nous avons \u00e9t\u00e9 courageux et nous avons d\u00e9marr\u00e9 ce projet \u00e0 un moment difficile pour tous en raison de la pand\u00e9mie de Covid-19, et plus encore pour le secteur de la restauration. Mais nous pensons que le temps ne peut pas s&rsquo;arr\u00eater. Ouvrir ce restaurant a \u00e9t\u00e9 notre r\u00eave [&hellip;]\" \/>\n<meta property=\"og:url\" content=\"https:\/\/www.restaurantazafran.com\/en\/a-propos-de-azafran\/\" \/>\n<meta property=\"og:site_name\" content=\"Azafr\u00e1n\" \/>\n<meta property=\"article:modified_time\" content=\"2022-10-26T11:15:40+00:00\" \/>\n<meta property=\"og:image\" content=\"https:\/\/www.restaurantazafran.com\/wp-content\/uploads\/2022\/10\/254973245_424874089006267_2444108380077061614_n.jpg\" \/>\n<meta name=\"twitter:card\" content=\"summary_large_image\" \/>\n<meta name=\"twitter:label1\" value=\"Written by\">\n\t<meta name=\"twitter:data1\" value=\"Sankara\">\n\t<meta name=\"twitter:label2\" value=\"Est. reading time\">\n\t<meta name=\"twitter:data2\" value=\"2 minutes\">\n<script type=\"application\/ld+json\" class=\"yoast-schema-graph\">{\"@context\":\"https:\/\/schema.org\",\"@graph\":[{\"@type\":\"WebSite\",\"@id\":\"https:\/\/www.restaurantazafran.com\/#website\",\"url\":\"https:\/\/www.restaurantazafran.com\/\",\"name\":\"Azafr\\u00e1n\",\"description\":\"Restaurant et cuisine \\u00e0 domicile \\u00e0 Sal\\u00e9 \/ Rabat\",\"potentialAction\":[{\"@type\":\"SearchAction\",\"target\":\"https:\/\/www.restaurantazafran.com\/?s={search_term_string}\",\"query-input\":\"required name=search_term_string\"}],\"inLanguage\":\"en-US\"},{\"@type\":\"ImageObject\",\"@id\":\"https:\/\/www.restaurantazafran.com\/a-propos-de-azafran\/#primaryimage\",\"inLanguage\":\"en-US\",\"url\":\"https:\/\/www.restaurantazafran.com\/wp-content\/uploads\/2022\/10\/254973245_424874089006267_2444108380077061614_n.jpg\",\"width\":605,\"height\":605},{\"@type\":\"WebPage\",\"@id\":\"https:\/\/www.restaurantazafran.com\/a-propos-de-azafran\/#webpage\",\"url\":\"https:\/\/www.restaurantazafran.com\/a-propos-de-azafran\/\",\"name\":\"\\u00c0 propos de Azafr\\u00e1n - Azafr\\u00e1n\",\"isPartOf\":{\"@id\":\"https:\/\/www.restaurantazafran.com\/#website\"},\"primaryImageOfPage\":{\"@id\":\"https:\/\/www.restaurantazafran.com\/a-propos-de-azafran\/#primaryimage\"},\"datePublished\":\"2020-08-24T01:34:55+00:00\",\"dateModified\":\"2022-10-26T11:15:40+00:00\",\"inLanguage\":\"en-US\",\"potentialAction\":[{\"@type\":\"ReadAction\",\"target\":[\"https:\/\/www.restaurantazafran.com\/a-propos-de-azafran\/\"]}]}]}<\/script>\n<!-- \/ Yoast SEO plugin. -->","amp_enabled":true,"_links":{"self":[{"href":"https:\/\/www.restaurantazafran.com\/en\/wp-json\/wp\/v2\/pages\/308","targetHints":{"allow":["GET"]}}],"collection":[{"href":"https:\/\/www.restaurantazafran.com\/en\/wp-json\/wp\/v2\/pages"}],"about":[{"href":"https:\/\/www.restaurantazafran.com\/en\/wp-json\/wp\/v2\/types\/page"}],"author":[{"embeddable":true,"href":"https:\/\/www.restaurantazafran.com\/en\/wp-json\/wp\/v2\/users\/1"}],"replies":[{"embeddable":true,"href":"https:\/\/www.restaurantazafran.com\/en\/wp-json\/wp\/v2\/comments?post=308"}],"version-history":[{"count":8,"href":"https:\/\/www.restaurantazafran.com\/en\/wp-json\/wp\/v2\/pages\/308\/revisions"}],"predecessor-version":[{"id":665,"href":"https:\/\/www.restaurantazafran.com\/en\/wp-json\/wp\/v2\/pages\/308\/revisions\/665"}],"wp:attachment":[{"href":"https:\/\/www.restaurantazafran.com\/en\/wp-json\/wp\/v2\/media?parent=308"}],"curies":[{"name":"wp","href":"https:\/\/api.w.org\/{rel}","templated":true}]}}