{"id":306,"date":"2020-08-24T01:34:42","date_gmt":"2020-08-24T01:34:42","guid":{"rendered":"http:\/\/restaurantazafran.com\/?page_id=306"},"modified":"2020-10-27T11:47:04","modified_gmt":"2020-10-27T11:47:04","slug":"evenements-azafran","status":"publish","type":"page","link":"https:\/\/www.restaurantazafran.com\/en\/evenements-azafran\/","title":{"rendered":"Azafran Events"},"content":{"rendered":"\t\t<div data-elementor-type=\"wp-page\" data-elementor-id=\"306\" class=\"elementor elementor-306\" data-elementor-settings=\"[]\">\n\t\t\t\t\t\t<div class=\"elementor-inner\">\n\t\t\t\t\t\t\t<div class=\"elementor-section-wrap\">\n\t\t\t\t\t\t\t<section class=\"elementor-section elementor-top-section elementor-element elementor-element-1d46200 elementor-section-boxed elementor-section-height-default elementor-section-height-default\" data-id=\"1d46200\" data-element_type=\"section\">\n\t\t\t\t\t\t<div class=\"elementor-container elementor-column-gap-default\">\n\t\t\t\t\t\t\t<div class=\"elementor-row\">\n\t\t\t\t\t<div class=\"elementor-column elementor-col-100 elementor-top-column elementor-element elementor-element-9705d72\" data-id=\"9705d72\" data-element_type=\"column\">\n\t\t\t<div class=\"elementor-column-wrap elementor-element-populated\">\n\t\t\t\t\t\t\t<div class=\"elementor-widget-wrap\">\n\t\t\t\t\t\t<div class=\"elementor-element elementor-element-3c8a705 elementor-widget elementor-widget-spacer\" data-id=\"3c8a705\" data-element_type=\"widget\" data-widget_type=\"spacer.default\">\n\t\t\t\t<div class=\"elementor-widget-container\">\n\t\t\t\t\t<div class=\"elementor-spacer\">\n\t\t\t<div class=\"elementor-spacer-inner\"><\/div>\n\t\t<\/div>\n\t\t\t\t<\/div>\n\t\t\t\t<\/div>\n\t\t\t\t<div class=\"elementor-element elementor-element-7f75bc7 elementor-widget elementor-widget-heading\" data-id=\"7f75bc7\" data-element_type=\"widget\" data-widget_type=\"heading.default\">\n\t\t\t\t<div class=\"elementor-widget-container\">\n\t\t\t<h2 class=\"elementor-heading-title elementor-size-default\">\u00c9v\u00e9nements Azafr\u00e1n<\/h2>\t\t<\/div>\n\t\t\t\t<\/div>\n\t\t\t\t\t\t<\/div>\n\t\t\t\t\t<\/div>\n\t\t<\/div>\n\t\t\t\t\t\t\t\t<\/div>\n\t\t\t\t\t<\/div>\n\t\t<\/section>\n\t\t\t\t<section class=\"elementor-section elementor-top-section elementor-element elementor-element-ff152da elementor-section-boxed elementor-section-height-default elementor-section-height-default\" data-id=\"ff152da\" data-element_type=\"section\">\n\t\t\t\t\t\t<div class=\"elementor-container elementor-column-gap-default\">\n\t\t\t\t\t\t\t<div class=\"elementor-row\">\n\t\t\t\t\t<div class=\"elementor-column elementor-col-100 elementor-top-column elementor-element elementor-element-97846c0\" data-id=\"97846c0\" data-element_type=\"column\">\n\t\t\t<div class=\"elementor-column-wrap elementor-element-populated\">\n\t\t\t\t\t\t\t<div class=\"elementor-widget-wrap\">\n\t\t\t\t\t\t<div class=\"elementor-element elementor-element-493348a elementor-widget elementor-widget-text-editor\" data-id=\"493348a\" data-element_type=\"widget\" data-widget_type=\"text-editor.default\">\n\t\t\t\t<div class=\"elementor-widget-container\">\n\t\t\t\t\t<div class=\"elementor-text-editor elementor-clearfix\">Chez Azafr\u00e1n nous sommes sp\u00e9cialistes en \u00e9v\u00e9nements. Avant de cr\u00e9er notre restaurant, nous avons travaill\u00e9 toutes sortes de c\u00e9l\u00e9brations \u00e0 Rabat, aussi bien des grandes f\u00eates de plus de 200 personnes, que des petites r\u00e9unions familiales ou professionnelles. Cependant, nous proposons un service diff\u00e9rent du service traiteur traditionnel : <\/div>\n\t\t\t\t<\/div>\n\t\t\t\t<\/div>\n\t\t\t\t\t\t<\/div>\n\t\t\t\t\t<\/div>\n\t\t<\/div>\n\t\t\t\t\t\t\t\t<\/div>\n\t\t\t\t\t<\/div>\n\t\t<\/section>\n\t\t\t\t<section class=\"elementor-section elementor-top-section elementor-element elementor-element-b3d2acc elementor-section-boxed elementor-section-height-default elementor-section-height-default\" data-id=\"b3d2acc\" data-element_type=\"section\">\n\t\t\t\t\t\t<div class=\"elementor-container elementor-column-gap-default\">\n\t\t\t\t\t\t\t<div class=\"elementor-row\">\n\t\t\t\t\t<div class=\"elementor-column elementor-col-50 elementor-top-column elementor-element elementor-element-d389f1d\" data-id=\"d389f1d\" data-element_type=\"column\">\n\t\t\t<div class=\"elementor-column-wrap elementor-element-populated\">\n\t\t\t\t\t\t\t<div class=\"elementor-widget-wrap\">\n\t\t\t\t\t\t<div class=\"elementor-element elementor-element-3fcf60e elementor-widget elementor-widget-text-editor\" data-id=\"3fcf60e\" data-element_type=\"widget\" data-widget_type=\"text-editor.default\">\n\t\t\t\t<div class=\"elementor-widget-container\">\n\t\t\t\t\t<div class=\"elementor-text-editor elementor-clearfix\"><ul class=\"ev\">\n \t<li class=\"ev\">Nous travaillons avec chaque client le menu qu&rsquo;il souhaite pour son \u00e9v\u00e9nement, \u00e0 partir de diverses propositions que nous lui envoyons personnalis\u00e9es en fonction du type d&rsquo;\u00e9v\u00e9nement, des participants, du th\u00e8me, etc., et ce, en tenant compte de toute pr\u00e9f\u00e9rence ou restriction alimentaire.<\/li>\n \t<li class=\"ev\">Nous nous chargeons de proc\u00e9der \u00e0 l&rsquo;achat de tous les produits n\u00e9cessaires \u00e0 la r\u00e9alisation du menu qui a \u00e9t\u00e9 choisi, en mettant toutes les factures d&rsquo;achat \u00e0 disposition du client, en toute transparence.<\/li>\n \t<li class=\"ev\">Le jour de l&rsquo;\u00e9v\u00e9nement, nous nous rendons dans la cuisine o\u00f9 se d\u00e9roulera l&rsquo;\u00e9v\u00e9nement et pr\u00e9parons le menu convenu sur place, sous les yeux de nos clients. C&rsquo;est la meilleure garantie que vous puissiez avoir de sur la fraicheur de nos produits, convenablement \u00e9labor\u00e9s et avec les conditions d&rsquo;hygi\u00e8ne les plus strictes.<\/li>\n \t<li class=\"ev\">\u00c0 la fin de l&rsquo;\u00e9v\u00e9nement, nous nous occupons de laisser la cuisine parfaitement propre et ramass\u00e9e.<\/li>\n<\/ul><\/div>\n\t\t\t\t<\/div>\n\t\t\t\t<\/div>\n\t\t\t\t\t\t<\/div>\n\t\t\t\t\t<\/div>\n\t\t<\/div>\n\t\t\t\t<div class=\"elementor-column elementor-col-50 elementor-top-column elementor-element elementor-element-fdba864\" data-id=\"fdba864\" data-element_type=\"column\">\n\t\t\t<div class=\"elementor-column-wrap elementor-element-populated\">\n\t\t\t\t\t\t\t<div class=\"elementor-widget-wrap\">\n\t\t\t\t\t\t<div class=\"elementor-element elementor-element-1f49377 elementor-widget elementor-widget-image\" data-id=\"1f49377\" data-element_type=\"widget\" data-widget_type=\"image.default\">\n\t\t\t\t<div class=\"elementor-widget-container\">\n\t\t\t\t\t<div class=\"elementor-image\">\n\t\t\t\t\t\t\t\t\t\t<img loading=\"lazy\" decoding=\"async\" width=\"768\" height=\"1024\" src=\"https:\/\/www.restaurantazafran.com\/wp-content\/uploads\/2020\/08\/20181128_180425-768x1024.jpg\" class=\"attachment-large size-large\" alt=\"\" srcset=\"https:\/\/www.restaurantazafran.com\/wp-content\/uploads\/2020\/08\/20181128_180425-768x1024.jpg 768w, https:\/\/www.restaurantazafran.com\/wp-content\/uploads\/2020\/08\/20181128_180425-225x300.jpg 225w, https:\/\/www.restaurantazafran.com\/wp-content\/uploads\/2020\/08\/20181128_180425-1152x1536.jpg 1152w, https:\/\/www.restaurantazafran.com\/wp-content\/uploads\/2020\/08\/20181128_180425-1536x2048.jpg 1536w, https:\/\/www.restaurantazafran.com\/wp-content\/uploads\/2020\/08\/20181128_180425-scaled.jpg 1920w\" sizes=\"auto, (max-width: 768px) 100vw, 768px\" \/>\t\t\t\t\t\t\t\t\t\t\t<\/div>\n\t\t\t\t<\/div>\n\t\t\t\t<\/div>\n\t\t\t\t\t\t<\/div>\n\t\t\t\t\t<\/div>\n\t\t<\/div>\n\t\t\t\t\t\t\t\t<\/div>\n\t\t\t\t\t<\/div>\n\t\t<\/section>\n\t\t\t\t<section class=\"elementor-section elementor-top-section elementor-element elementor-element-4f39135 elementor-section-boxed elementor-section-height-default elementor-section-height-default\" data-id=\"4f39135\" data-element_type=\"section\">\n\t\t\t\t\t\t<div class=\"elementor-container elementor-column-gap-default\">\n\t\t\t\t\t\t\t<div class=\"elementor-row\">\n\t\t\t\t\t<div class=\"elementor-column elementor-col-50 elementor-top-column elementor-element elementor-element-b7ec50f\" data-id=\"b7ec50f\" data-element_type=\"column\">\n\t\t\t<div class=\"elementor-column-wrap elementor-element-populated\">\n\t\t\t\t\t\t\t<div class=\"elementor-widget-wrap\">\n\t\t\t\t\t\t<div class=\"elementor-element elementor-element-3c3a886 elementor-widget elementor-widget-spacer\" data-id=\"3c3a886\" data-element_type=\"widget\" data-widget_type=\"spacer.default\">\n\t\t\t\t<div class=\"elementor-widget-container\">\n\t\t\t\t\t<div class=\"elementor-spacer\">\n\t\t\t<div class=\"elementor-spacer-inner\"><\/div>\n\t\t<\/div>\n\t\t\t\t<\/div>\n\t\t\t\t<\/div>\n\t\t\t\t<div class=\"elementor-element elementor-element-60a4f51 elementor-widget__width-auto elementor-widget elementor-widget-image\" data-id=\"60a4f51\" data-element_type=\"widget\" data-widget_type=\"image.default\">\n\t\t\t\t<div class=\"elementor-widget-container\">\n\t\t\t\t\t<div class=\"elementor-image\">\n\t\t\t\t\t\t\t\t\t\t<img loading=\"lazy\" decoding=\"async\" width=\"768\" height=\"576\" src=\"https:\/\/www.restaurantazafran.com\/wp-content\/uploads\/2020\/08\/20190703_190359-768x576.jpg\" class=\"attachment-medium_large size-medium_large\" alt=\"\" srcset=\"https:\/\/www.restaurantazafran.com\/wp-content\/uploads\/2020\/08\/20190703_190359-768x576.jpg 768w, https:\/\/www.restaurantazafran.com\/wp-content\/uploads\/2020\/08\/20190703_190359-300x225.jpg 300w, https:\/\/www.restaurantazafran.com\/wp-content\/uploads\/2020\/08\/20190703_190359-1024x768.jpg 1024w, https:\/\/www.restaurantazafran.com\/wp-content\/uploads\/2020\/08\/20190703_190359-1536x1152.jpg 1536w, https:\/\/www.restaurantazafran.com\/wp-content\/uploads\/2020\/08\/20190703_190359-2048x1536.jpg 2048w\" sizes=\"auto, (max-width: 768px) 100vw, 768px\" \/>\t\t\t\t\t\t\t\t\t\t\t<\/div>\n\t\t\t\t<\/div>\n\t\t\t\t<\/div>\n\t\t\t\t\t\t<\/div>\n\t\t\t\t\t<\/div>\n\t\t<\/div>\n\t\t\t\t<div class=\"elementor-column elementor-col-50 elementor-top-column elementor-element elementor-element-f6058b4\" data-id=\"f6058b4\" data-element_type=\"column\">\n\t\t\t<div class=\"elementor-column-wrap elementor-element-populated\">\n\t\t\t\t\t\t\t<div class=\"elementor-widget-wrap\">\n\t\t\t\t\t\t<div class=\"elementor-element elementor-element-8793fb6 elementor-widget elementor-widget-text-editor\" data-id=\"8793fb6\" data-element_type=\"widget\" data-widget_type=\"text-editor.default\">\n\t\t\t\t<div class=\"elementor-widget-container\">\n\t\t\t\t\t<div class=\"elementor-text-editor elementor-clearfix\"><p>Nous savons que notre service offre de nombreux avantages par rapport au traiteur traditionnel, et l&rsquo;exp\u00e9rience de nos clients le confirme, tant pour le r\u00e9sultat que pour le co\u00fbt : le prix se composera simplement des factures des achats que nous avons effectu\u00e9s, et du co\u00fbt de nos heures de travail ; pas de surprises dans ce sens.<\/p><p>Nous pouvons \u00e9galement nous charger de fournir d&rsquo;autres \u00e9l\u00e9ments dont vous avez besoin pour votre \u00e9v\u00e9nement : serveurs, location de tables ou de vaisselle &#8230; Dites-nous en quoi consiste votre \u00e9v\u00e9nement, nous nous ferons un plaisir de vous pr\u00e9parer un menu et une proposition.<\/p><\/div>\n\t\t\t\t<\/div>\n\t\t\t\t<\/div>\n\t\t\t\t\t\t<\/div>\n\t\t\t\t\t<\/div>\n\t\t<\/div>\n\t\t\t\t\t\t\t\t<\/div>\n\t\t\t\t\t<\/div>\n\t\t<\/section>\n\t\t\t\t<section class=\"elementor-section elementor-top-section elementor-element elementor-element-4bbffff elementor-section-boxed elementor-section-height-default elementor-section-height-default\" data-id=\"4bbffff\" data-element_type=\"section\">\n\t\t\t\t\t\t<div class=\"elementor-container elementor-column-gap-default\">\n\t\t\t\t\t\t\t<div class=\"elementor-row\">\n\t\t\t\t\t<div class=\"elementor-column elementor-col-100 elementor-top-column elementor-element elementor-element-3d3a00d\" data-id=\"3d3a00d\" data-element_type=\"column\">\n\t\t\t<div class=\"elementor-column-wrap elementor-element-populated\">\n\t\t\t\t\t\t\t<div class=\"elementor-widget-wrap\">\n\t\t\t\t\t\t<div class=\"elementor-element elementor-element-4a68b41 elementor-widget-divider--separator-type-pattern elementor-widget elementor-widget-divider\" data-id=\"4a68b41\" data-element_type=\"widget\" data-widget_type=\"divider.default\">\n\t\t\t\t<div class=\"elementor-widget-container\">\n\t\t\t\t\t<div class=\"elementor-divider\" style=\"--divider-pattern-url: url(&quot;data:image\/svg+xml,%3Csvg xmlns=&#039;http:\/\/www.w3.org\/2000\/svg&#039; preserveAspectRatio=&#039;none&#039; overflow=&#039;visible&#039; height=&#039;100%&#039; viewBox=&#039;0 0 24 24&#039; stroke=&#039;%23D85C59&#039; stroke-width=&#039;1&#039; fill=&#039;none&#039; stroke-linecap=&#039;square&#039; stroke-miterlimit=&#039;10&#039;%3E%3Cpath d=&#039;M0,6c6,0,6,13,12,13S18,6,24,6&#039;\/%3E%3C\/svg%3E&quot;);\">\n\t\t\t<span class=\"elementor-divider-separator\">\n\t\t\t\t\t\t<\/span>\n\t\t<\/div>\n\t\t\t\t<\/div>\n\t\t\t\t<\/div>\n\t\t\t\t\t\t<\/div>\n\t\t\t\t\t<\/div>\n\t\t<\/div>\n\t\t\t\t\t\t\t\t<\/div>\n\t\t\t\t\t<\/div>\n\t\t<\/section>\n\t\t\t\t<section class=\"elementor-section elementor-top-section elementor-element elementor-element-4e5571f elementor-section-full_width elementor-section-height-default elementor-section-height-default\" data-id=\"4e5571f\" data-element_type=\"section\">\n\t\t\t\t\t\t<div class=\"elementor-container elementor-column-gap-default\">\n\t\t\t\t\t\t\t<div class=\"elementor-row\">\n\t\t\t\t\t<div class=\"elementor-column elementor-col-100 elementor-top-column elementor-element elementor-element-139506d\" data-id=\"139506d\" data-element_type=\"column\">\n\t\t\t<div class=\"elementor-column-wrap elementor-element-populated\">\n\t\t\t\t\t\t\t<div class=\"elementor-widget-wrap\">\n\t\t\t\t\t\t<div class=\"elementor-element elementor-element-8f34611 elementor-widget elementor-widget-template\" data-id=\"8f34611\" data-element_type=\"widget\" data-widget_type=\"template.default\">\n\t\t\t\t<div class=\"elementor-widget-container\">\n\t\t\t\t\t<div class=\"elementor-template\">\n\t\t\t\t\t<div data-elementor-type=\"page\" data-elementor-id=\"328\" class=\"elementor elementor-328\" data-elementor-settings=\"[]\">\n\t\t\t\t\t\t<div class=\"elementor-inner\">\n\t\t\t\t\t\t\t<div class=\"elementor-section-wrap\">\n\t\t\t\t\t\t\t<section class=\"elementor-section elementor-top-section elementor-element elementor-element-2d74c96a elementor-section-full_width elementor-section-height-default elementor-section-height-default\" data-id=\"2d74c96a\" data-element_type=\"section\">\n\t\t\t\t\t\t<div class=\"elementor-container elementor-column-gap-no\">\n\t\t\t\t\t\t\t<div class=\"elementor-row\">\n\t\t\t\t\t<div class=\"elementor-column elementor-col-100 elementor-top-column elementor-element elementor-element-6d49ea09\" data-id=\"6d49ea09\" data-element_type=\"column\">\n\t\t\t<div class=\"elementor-column-wrap elementor-element-populated\">\n\t\t\t\t\t\t\t<div class=\"elementor-widget-wrap\">\n\t\t\t\t\t\t<div class=\"elementor-element elementor-element-3bd36f63 elementor-cta--skin-cover elementor-animated-content elementor-bg-transform elementor-bg-transform-zoom-in elementor-widget elementor-widget-call-to-action\" data-id=\"3bd36f63\" data-element_type=\"widget\" id=\"#call\" data-widget_type=\"call-to-action.default\">\n\t\t\t\t<div class=\"elementor-widget-container\">\n\t\t\t\t\t<div  class=\"elementor-cta\">\n\t\t\t\t\t<div class=\"elementor-cta__bg-wrapper\">\n\t\t\t\t<div class=\"elementor-cta__bg elementor-bg\" style=\"background-image: url(https:\/\/www.restaurantazafran.com\/wp-content\/uploads\/2020\/08\/call21-1024x683.png);\"><\/div>\n\t\t\t\t<div class=\"elementor-cta__bg-overlay\"><\/div>\n\t\t\t<\/div>\n\t\t\t\t\t\t\t<div class=\"elementor-cta__content\">\n\t\t\t\t\n\t\t\t\t\t\t\t\t\t<h2 class=\"elementor-cta__title elementor-cta__content-item elementor-content-item elementor-animated-item--grow\">\n\t\t\t\t\t\tPr\u00e9parez votre \u00e9v\u00e9nement avec nous!\t\t\t\t\t<\/h2>\n\t\t\t\t\n\t\t\t\t\n\t\t\t\t\t\t\t\t\t<div class=\"elementor-cta__button-wrapper elementor-cta__content-item elementor-content-item elementor-animated-item--grow\">\n\t\t\t\t\t<a class=\"elementor-cta__button elementor-button elementor-size-sm\" href=\"tel:212-663-656-056\">\n\t\t\t\t\t\tAppelez-nous\t\t\t\t\t<\/a>\n\t\t\t\t\t<\/div>\n\t\t\t\t\t\t\t<\/div>\n\t\t\t\t\t\t<\/div>\n\t\t\t\t<\/div>\n\t\t\t\t<\/div>\n\t\t\t\t\t\t<\/div>\n\t\t\t\t\t<\/div>\n\t\t<\/div>\n\t\t\t\t\t\t\t\t<\/div>\n\t\t\t\t\t<\/div>\n\t\t<\/section>\n\t\t\t\t<section class=\"elementor-section elementor-top-section elementor-element elementor-element-31400490 elementor-section-boxed elementor-section-height-default elementor-section-height-default\" data-id=\"31400490\" data-element_type=\"section\">\n\t\t\t\t\t\t\t<div class=\"elementor-background-overlay\"><\/div>\n\t\t\t\t\t\t\t<div class=\"elementor-container elementor-column-gap-default\">\n\t\t\t\t\t\t\t<div class=\"elementor-row\">\n\t\t\t\t\t<div class=\"elementor-column elementor-col-50 elementor-top-column elementor-element elementor-element-4e04949b\" data-id=\"4e04949b\" data-element_type=\"column\">\n\t\t\t<div class=\"elementor-column-wrap elementor-element-populated\">\n\t\t\t\t\t\t\t<div class=\"elementor-widget-wrap\">\n\t\t\t\t\t\t<div class=\"elementor-element elementor-element-6da715f5 elementor-widget elementor-widget-text-editor\" data-id=\"6da715f5\" data-element_type=\"widget\" data-widget_type=\"text-editor.default\">\n\t\t\t\t<div class=\"elementor-widget-container\">\n\t\t\t\t\t<div class=\"elementor-text-editor elementor-clearfix\"><p class=\"cta\">Ou laissez-nous votre t\u00e9l\u00e9phone pour que nous puissions vous appeler<\/p><\/div>\n\t\t\t\t<\/div>\n\t\t\t\t<\/div>\n\t\t\t\t\t\t<\/div>\n\t\t\t\t\t<\/div>\n\t\t<\/div>\n\t\t\t\t<div class=\"elementor-column elementor-col-50 elementor-top-column elementor-element elementor-element-2a6fc1d4\" data-id=\"2a6fc1d4\" data-element_type=\"column\">\n\t\t\t<div class=\"elementor-column-wrap elementor-element-populated\">\n\t\t\t\t\t\t\t<div class=\"elementor-widget-wrap\">\n\t\t\t\t\t\t<div class=\"elementor-element elementor-element-3943c45d elementor-button-align-stretch elementor-widget elementor-widget-form\" data-id=\"3943c45d\" data-element_type=\"widget\" data-settings=\"{&quot;step_next_label&quot;:&quot;Next&quot;,&quot;step_previous_label&quot;:&quot;Previous&quot;,&quot;button_width&quot;:&quot;100&quot;,&quot;step_type&quot;:&quot;number_text&quot;,&quot;step_icon_shape&quot;:&quot;circle&quot;}\" data-widget_type=\"form.default\">\n\t\t\t\t<div class=\"elementor-widget-container\">\n\t\t\t\t\t<form class=\"elementor-form\" method=\"post\" name=\"Telefono\">\n\t\t\t<input type=\"hidden\" name=\"post_id\" value=\"328\"\/>\n\t\t\t<input type=\"hidden\" name=\"form_id\" value=\"3943c45d\"\/>\n\n\t\t\t\n\t\t\t<div class=\"elementor-form-fields-wrapper elementor-labels-\">\n\t\t\t\t\t\t\t\t<div class=\"elementor-field-type-tel elementor-field-group elementor-column elementor-field-group-telefono elementor-col-100 elementor-field-required\">\n\t\t\t\t\t<label for=\"form-field-telefono\" class=\"elementor-field-label elementor-screen-only\">T\u00e9l\u00e9phone<\/label><input size=\"1\" type=\"tel\" name=\"form_fields[telefono]\" id=\"form-field-telefono\" class=\"elementor-field elementor-size-sm  elementor-field-textual\" placeholder=\"T\u00e9l\u00e9phone\" required=\"required\" aria-required=\"true\" pattern=\"[0-9()#&amp;+*-=.]+\" title=\"Only numbers and phone characters (#, -, *, etc) are accepted.\">\t\t\t\t<\/div>\n\t\t\t\t\t\t\t\t<div class=\"elementor-field-type-text elementor-field-group elementor-column elementor-field-group-Nom elementor-col-100 elementor-field-required\">\n\t\t\t\t\t<label for=\"form-field-Nom\" class=\"elementor-field-label elementor-screen-only\">Nom<\/label><input size=\"1\" type=\"text\" name=\"form_fields[Nom]\" id=\"form-field-Nom\" class=\"elementor-field elementor-size-sm  elementor-field-textual\" placeholder=\"Nom\" required=\"required\" aria-required=\"true\">\t\t\t\t<\/div>\n\t\t\t\t\t\t\t\t<div class=\"elementor-field-type-acceptance elementor-field-group elementor-column elementor-field-group-mentions elementor-col-100 elementor-field-required\">\n\t\t\t\t\t<div class=\"elementor-field-subgroup\"><span class=\"elementor-field-option\"><input type=\"checkbox\" name=\"form_fields[mentions]\" id=\"form-field-mentions\" class=\"elementor-field elementor-size-sm  elementor-acceptance-field\" required=\"required\" aria-required=\"true\"> <label for=\"form-field-mentions\">J'ai lu et j'accepte les <a href=\"http:\/\/restaurantazafran.com\/aviso-legal\/\">mentions l\u00e9gales<\/a>.<\/label><\/span><\/div>\t\t\t\t<\/div>\n\t\t\t\t\t\t\t\t<div class=\"elementor-field-type-recaptcha elementor-field-group elementor-column elementor-field-group-captcha elementor-col-100\">\n\t\t\t\t\t<div class=\"elementor-field\" id=\"form-field-captcha\"><div class=\"elementor-g-recaptcha\" data-sitekey=\"6LewM0AaAAAAAEVDJeYqjeg5OQlON_ZmRRwN3kvt\" data-type=\"v2_checkbox\" data-theme=\"light\" data-size=\"normal\"><\/div><\/div>\t\t\t\t<\/div>\n\t\t\t\t\t\t\t\t<div class=\"elementor-field-group elementor-column elementor-field-type-submit elementor-col-100 e-form__buttons\">\n\t\t\t\t\t<button type=\"submit\" class=\"elementor-button elementor-size-xs\">\n\t\t\t\t\t\t<span >\n\t\t\t\t\t\t\t\t\t\t\t\t\t\t\t<span class=\" elementor-button-icon\">\n\t\t\t\t\t\t\t\t\t\t\t\t\t\t\t\t\t\t\t\t\t\t\t\t\t\t<\/span>\n\t\t\t\t\t\t\t\t\t\t\t\t\t\t\t\t\t\t\t\t\t\t<span class=\"elementor-button-text\">Je demande un appel<\/span>\n\t\t\t\t\t\t\t\t\t\t\t\t\t<\/span>\n\t\t\t\t\t<\/button>\n\t\t\t\t<\/div>\n\t\t\t<\/div>\n\t\t<\/form>\n\t\t\t\t<\/div>\n\t\t\t\t<\/div>\n\t\t\t\t\t\t<\/div>\n\t\t\t\t\t<\/div>\n\t\t<\/div>\n\t\t\t\t\t\t\t\t<\/div>\n\t\t\t\t\t<\/div>\n\t\t<\/section>\n\t\t\t\t\t\t<\/div>\n\t\t\t\t\t\t<\/div>\n\t\t\t\t\t<\/div>\n\t\t\t\t<\/div>\n\t\t\t\t<\/div>\n\t\t\t\t<\/div>\n\t\t\t\t\t\t<\/div>\n\t\t\t\t\t<\/div>\n\t\t<\/div>\n\t\t\t\t\t\t\t\t<\/div>\n\t\t\t\t\t<\/div>\n\t\t<\/section>\n\t\t\t\t\t\t<\/div>\n\t\t\t\t\t\t<\/div>\n\t\t\t\t\t<\/div>\n\t\t","protected":false},"excerpt":{"rendered":"<p>\u00c9v\u00e9nements Azafr\u00e1n Chez Azafr\u00e1n nous sommes sp\u00e9cialistes en \u00e9v\u00e9nements. Avant de cr\u00e9er notre restaurant, nous avons travaill\u00e9 toutes sortes de c\u00e9l\u00e9brations \u00e0 Rabat, aussi bien des grandes f\u00eates de plus de 200 personnes, que des petites r\u00e9unions familiales ou professionnelles. Cependant, nous proposons un service diff\u00e9rent du service traiteur traditionnel : Nous travaillons avec chaque [&hellip;]<\/p>\n","protected":false},"author":1,"featured_media":0,"parent":0,"menu_order":0,"comment_status":"closed","ping_status":"closed","template":"","meta":{"footnotes":""},"class_list":["post-306","page","type-page","status-publish","hentry"],"yoast_head":"<!-- This site is optimized with the Yoast SEO plugin v15.2 - https:\/\/yoast.com\/wordpress\/plugins\/seo\/ -->\n<title>\u00c9venements Azafran - Traiteur et cuisine \u00e0 domicile<\/title>\n<meta name=\"description\" content=\"Azafran vous propose cuisine \u00e0 domicile pour vos \u00e9v\u00e9nements \u00e0 Rabat et Sal\u00e9. Un service traiteur diff\u00e9rent: on cuisine chez vous, avec tous les garanties d&#039;hygiene et fraicheur.\" \/>\n<meta name=\"robots\" content=\"index, follow, max-snippet:-1, max-image-preview:large, max-video-preview:-1\" \/>\n<link rel=\"canonical\" href=\"https:\/\/www.restaurantazafran.com\/en\/evenements-azafran\/\" \/>\n<meta property=\"og:locale\" content=\"en_US\" \/>\n<meta property=\"og:type\" content=\"article\" \/>\n<meta property=\"og:title\" content=\"\u00c9venements Azafran - Traiteur et cuisine \u00e0 domicile\" \/>\n<meta property=\"og:description\" content=\"Azafran vous propose cuisine \u00e0 domicile pour vos \u00e9v\u00e9nements \u00e0 Rabat et Sal\u00e9. Un service traiteur diff\u00e9rent: on cuisine chez vous, avec tous les garanties d&#039;hygiene et fraicheur.\" \/>\n<meta property=\"og:url\" content=\"https:\/\/www.restaurantazafran.com\/en\/evenements-azafran\/\" \/>\n<meta property=\"og:site_name\" content=\"Azafr\u00e1n\" \/>\n<meta property=\"article:modified_time\" content=\"2020-10-27T11:47:04+00:00\" \/>\n<meta property=\"og:image\" content=\"http:\/\/restaurantazafran.com\/wp-content\/uploads\/2020\/08\/20181128_180425-768x1024.jpg\" \/>\n<meta name=\"twitter:card\" content=\"summary_large_image\" \/>\n<meta name=\"twitter:label1\" value=\"Written by\">\n\t<meta name=\"twitter:data1\" value=\"Sankara\">\n\t<meta name=\"twitter:label2\" value=\"Est. reading time\">\n\t<meta name=\"twitter:data2\" value=\"1 minute\">\n<script type=\"application\/ld+json\" class=\"yoast-schema-graph\">{\"@context\":\"https:\/\/schema.org\",\"@graph\":[{\"@type\":\"WebSite\",\"@id\":\"https:\/\/www.restaurantazafran.com\/#website\",\"url\":\"https:\/\/www.restaurantazafran.com\/\",\"name\":\"Azafr\\u00e1n\",\"description\":\"Restaurant et cuisine \\u00e0 domicile \\u00e0 Sal\\u00e9 \/ Rabat\",\"potentialAction\":[{\"@type\":\"SearchAction\",\"target\":\"https:\/\/www.restaurantazafran.com\/?s={search_term_string}\",\"query-input\":\"required name=search_term_string\"}],\"inLanguage\":\"en-US\"},{\"@type\":\"ImageObject\",\"@id\":\"https:\/\/www.restaurantazafran.com\/en\/evenements-azafran\/#primaryimage\",\"inLanguage\":\"en-US\",\"url\":\"http:\/\/restaurantazafran.com\/wp-content\/uploads\/2020\/08\/20181128_180425-768x1024.jpg\"},{\"@type\":\"WebPage\",\"@id\":\"https:\/\/www.restaurantazafran.com\/en\/evenements-azafran\/#webpage\",\"url\":\"https:\/\/www.restaurantazafran.com\/en\/evenements-azafran\/\",\"name\":\"\\u00c9venements Azafran - Traiteur et cuisine \\u00e0 domicile\",\"isPartOf\":{\"@id\":\"https:\/\/www.restaurantazafran.com\/#website\"},\"primaryImageOfPage\":{\"@id\":\"https:\/\/www.restaurantazafran.com\/en\/evenements-azafran\/#primaryimage\"},\"datePublished\":\"2020-08-24T01:34:42+00:00\",\"dateModified\":\"2020-10-27T11:47:04+00:00\",\"description\":\"Azafran vous propose cuisine \\u00e0 domicile pour vos \\u00e9v\\u00e9nements \\u00e0 Rabat et Sal\\u00e9. Un service traiteur diff\\u00e9rent: on cuisine chez vous, avec tous les garanties d'hygiene et fraicheur.\",\"inLanguage\":\"en-US\",\"potentialAction\":[{\"@type\":\"ReadAction\",\"target\":[\"https:\/\/www.restaurantazafran.com\/en\/evenements-azafran\/\"]}]}]}<\/script>\n<!-- \/ Yoast SEO plugin. -->","amp_enabled":true,"_links":{"self":[{"href":"https:\/\/www.restaurantazafran.com\/en\/wp-json\/wp\/v2\/pages\/306","targetHints":{"allow":["GET"]}}],"collection":[{"href":"https:\/\/www.restaurantazafran.com\/en\/wp-json\/wp\/v2\/pages"}],"about":[{"href":"https:\/\/www.restaurantazafran.com\/en\/wp-json\/wp\/v2\/types\/page"}],"author":[{"embeddable":true,"href":"https:\/\/www.restaurantazafran.com\/en\/wp-json\/wp\/v2\/users\/1"}],"replies":[{"embeddable":true,"href":"https:\/\/www.restaurantazafran.com\/en\/wp-json\/wp\/v2\/comments?post=306"}],"version-history":[{"count":53,"href":"https:\/\/www.restaurantazafran.com\/en\/wp-json\/wp\/v2\/pages\/306\/revisions"}],"predecessor-version":[{"id":617,"href":"https:\/\/www.restaurantazafran.com\/en\/wp-json\/wp\/v2\/pages\/306\/revisions\/617"}],"wp:attachment":[{"href":"https:\/\/www.restaurantazafran.com\/en\/wp-json\/wp\/v2\/media?parent=306"}],"curies":[{"name":"wp","href":"https:\/\/api.w.org\/{rel}","templated":true}]}}